{"id":5986,"date":"2022-05-17T21:49:00","date_gmt":"2022-05-17T21:49:00","guid":{"rendered":"https:\/\/vxmventaspormayor.cl\/vxm\/?post_type=product&#038;p=5986"},"modified":"2022-05-17T21:50:52","modified_gmt":"2022-05-17T21:50:52","slug":"porta-celular-para-automovil","status":"publish","type":"product","link":"https:\/\/www.vxmventaspormayor.cl\/vxm\/producto\/porta-celular-para-automovil\/","title":{"rendered":"Porta celular para automovil"},"content":{"rendered":"","protected":false},"excerpt":{"rendered":"<p>Porta-Celular magn\u00e9tico, con soporte para rejilla de ventilador del veh\u00edculo. Contiene placa redonda met\u00e1lica con adhesivo posterior, para pegar a los celulares (m\u00e1s antiguos) que no cuentan con material magn\u00e9tico built-in.<\/p>\n<h3>Mayoristas Recuerden Ahorrar y escribirnos a nuestro correo o whatsapp con la imagen del producto a cotizar<\/h3>\n<p>contacto@vxmventaspormayor.cl para cotizar valores por mayor y logos.<\/p>\n<p>Regalos corporativos por mayor, regalos personalizados<\/p>\n<p>&nbsp;<\/p>\n","protected":false},"featured_media":5987,"comment_status":"closed","ping_status":"closed","template":"","meta":[],"product_brand":[],"product_cat":[26],"product_tag":[],"class_list":{"0":"post-5986","1":"product","2":"type-product","3":"status-publish","4":"has-post-thumbnail","6":"product_cat-merchandising-y-regalos-corporativos","7":"thunk-woo-product-list","8":"opn-qv-enable","9":"top-store-woo-hover-zoom","10":"top-store-single-product-tab-horizontal","11":"top-store-shadow-","12":"top-store-shadow-hover-","14":"first","15":"instock","16":"taxable","17":"shipping-taxable","18":"product-type-simple"},"_links":{"self":[{"href":"https:\/\/www.vxmventaspormayor.cl\/vxm\/wp-json\/wp\/v2\/product\/5986","targetHints":{"allow":["GET"]}}],"collection":[{"href":"https:\/\/www.vxmventaspormayor.cl\/vxm\/wp-json\/wp\/v2\/product"}],"about":[{"href":"https:\/\/www.vxmventaspormayor.cl\/vxm\/wp-json\/wp\/v2\/types\/product"}],"replies":[{"embeddable":true,"href":"https:\/\/www.vxmventaspormayor.cl\/vxm\/wp-json\/wp\/v2\/comments?post=5986"}],"wp:featuredmedia":[{"embeddable":true,"href":"https:\/\/www.vxmventaspormayor.cl\/vxm\/wp-json\/wp\/v2\/media\/5987"}],"wp:attachment":[{"href":"https:\/\/www.vxmventaspormayor.cl\/vxm\/wp-json\/wp\/v2\/media?parent=5986"}],"wp:term":[{"taxonomy":"product_brand","embeddable":true,"href":"https:\/\/www.vxmventaspormayor.cl\/vxm\/wp-json\/wp\/v2\/product_brand?post=5986"},{"taxonomy":"product_cat","embeddable":true,"href":"https:\/\/www.vxmventaspormayor.cl\/vxm\/wp-json\/wp\/v2\/product_cat?post=5986"},{"taxonomy":"product_tag","embeddable":true,"href":"https:\/\/www.vxmventaspormayor.cl\/vxm\/wp-json\/wp\/v2\/product_tag?post=5986"}],"curies":[{"name":"wp","href":"https:\/\/api.w.org\/{rel}","templated":true}]}}