{"id":5956,"date":"2022-05-17T00:35:36","date_gmt":"2022-05-17T00:35:36","guid":{"rendered":"https:\/\/vxmventaspormayor.cl\/vxm\/?post_type=product&#038;p=5956"},"modified":"2023-10-25T22:35:40","modified_gmt":"2023-10-25T22:35:40","slug":"delantal-chinita","status":"publish","type":"product","link":"https:\/\/www.vxmventaspormayor.cl\/vxm\/producto\/delantal-chinita\/","title":{"rendered":"Delantal chinita"},"content":{"rendered":"<h2>Delantal chinita su imagen corporativa<\/h2>\n<p>El delantal Chinita, con su dise\u00f1o pr\u00e1ctico y amarras laterales, se ha convertido en una herramienta esencial en una amplia variedad de entornos laborales y para la protecci\u00f3n, la imagen corporativa. Su versatilidad lo hace adecuado para muchas \u00e1reas, y su comodidad y ligereza lo hacen especialmente atractivo para quienes realizan tareas que requieren una protecci\u00f3n confiable sin sacrificar la movilidad y el estilo.<\/p>\n<p>Uno de los usos m\u00e1s comunes del delantal Chinita se encuentra en el sector de la alimentaci\u00f3n. En restaurantes, cocinas comerciales y cafeter\u00edas, los chefs y el personal de cocina utilizan estos delantales para proteger su ropa de salpicaduras y derrames. La versatilidad de los delantales Chinita tambi\u00e9n los hace \u00fatiles en bodegas y f\u00e1bricas de alimentos, donde se pueden utilizar en el embalaje y la manipulaci\u00f3n de productos.<\/p>\n<p>En el \u00e1mbito de la limpieza y el aseo, estos delantales son altamente apreciados. En hoteles, hospitales, empresas de limpieza y hogares, brindan protecci\u00f3n contra productos qu\u00edmicos y l\u00edquidos mientras se realizan las tareas de limpieza. Su ligereza y comodidad facilitan el trabajo durante largas jornadas.<\/p>\n<p>Este modelo tambien esta disponible en materiales repelente al agua aqui lo puedes ver<\/p>\n<p>En supermercados y tiendas de abarrotes, el delantal Chinita es un aliado esencial para el personal de \u00e1reas como carnicer\u00eda y pescader\u00eda, donde se enfrentan a desaf\u00edos constantes de higiene y manejo de productos frescos. Estos delantales no solo protegen la ropa del personal, sino que tambi\u00e9n contribuyen a la presentaci\u00f3n de una imagen corporativa pulcra y profesional.<\/p>\n<p>En el sector industrial y manufacturero, los delantales Chinita son una soluci\u00f3n conveniente para proteger la ropa de los trabajadores en una variedad de entornos. Ya sea en talleres, f\u00e1bricas o laboratorios, Clinicas estos delantales brindan una capa adicional de seguridad sin comprometer la agilidad ni la movilidad de los empleados.<\/p>\n<p>En resumen, el delantal Chinita se ha consolidado como una elecci\u00f3n vers\u00e1til y confiable para una amplia gama de aplicaciones. Su ligereza y comodidad hacen que los trabajadores lo aprecien, mientras que su capacidad para proteger la ropa y mantener una imagen corporativa impecable lo convierte en una opci\u00f3n atractiva para empresas en diversas industrias. Si buscas un equilibrio entre protecci\u00f3n y comodidad en tu entorno de trabajo, el delantal Chinita es la elecci\u00f3n perfecta.<\/p>\n","protected":false},"excerpt":{"rendered":"<p>Fabricada en tela poliester<\/p>\n<p>El delantal Chinita, con sus amarras laterales, es una elecci\u00f3n vers\u00e1til para diversas aplicaciones. Ideal para trabajadores de packing, tareas de aseo, o en supermercados, est\u00e1 disponible en una amplia gama de colores para satisfacer tus necesidades. Su comodidad y practicidad har\u00e1n que quieras tenerlo en tu equipo de trabajo. \u00a1Obt\u00e9n el tuyo y simplifica tus labores diarias!<\/p>\n<p>Delantal con amarras, con amplios\u00a0 bolsillos, se ajusta con amarras a los lados ,medida aproximada de espalda 50 de ancho x70 de largo y\u00a0 58 de ancho x 70 de largo<\/p>\n<p>Disponible en 10 colores para elegir<\/p>\n<p>Venta m\u00ednima 3 unidades<\/p>\n<h3>Mayoristas Recuerden Ahorrar y escribirnos a nuestro correo<\/h3>\n<p>contacto@vxmventaspormayor.cl para cotizar valores por mayor y logos.<\/p>\n<p>Regalos corporativos por mayor, regalos personalizados<\/p>\n<p>Aqui puedes ver mas delantales\u00a0<a href=\"https:\/\/vxmventaspormayor.cl\/vxm\/categoria-producto\/delantales-de-trabajo\/\">https:\/\/vxmventaspormayor.cl\/vxm\/categoria-producto\/delantales-de-trabajo\/<\/a><\/p>\n<p><a href=\"https:\/\/vxmventaspormayor.cl\/vxm\/categoria-producto\/pecheras-delantalpecheras-mezclilla\/\">https:\/\/vxmventaspormayor.cl\/vxm\/categoria-producto\/pecheras-delantalpecheras-mezclilla\/<\/a><\/p>\n<p>&nbsp;<\/p>\n<p>&nbsp;<\/p>\n","protected":false},"featured_media":5957,"comment_status":"closed","ping_status":"closed","template":"","meta":[],"product_brand":[],"product_cat":[67,65],"product_tag":[],"class_list":{"0":"post-5956","1":"product","2":"type-product","3":"status-publish","4":"has-post-thumbnail","6":"product_cat-delantales-de-trabajo-y-packing","7":"product_cat-delantales-de-trabajo","8":"thunk-woo-product-list","9":"opn-qv-enable","10":"top-store-woo-hover-zoom","11":"top-store-single-product-tab-horizontal","12":"top-store-shadow-","13":"top-store-shadow-hover-","15":"first","16":"instock","17":"taxable","18":"shipping-taxable","19":"purchasable","20":"product-type-simple"},"_links":{"self":[{"href":"https:\/\/www.vxmventaspormayor.cl\/vxm\/wp-json\/wp\/v2\/product\/5956","targetHints":{"allow":["GET"]}}],"collection":[{"href":"https:\/\/www.vxmventaspormayor.cl\/vxm\/wp-json\/wp\/v2\/product"}],"about":[{"href":"https:\/\/www.vxmventaspormayor.cl\/vxm\/wp-json\/wp\/v2\/types\/product"}],"replies":[{"embeddable":true,"href":"https:\/\/www.vxmventaspormayor.cl\/vxm\/wp-json\/wp\/v2\/comments?post=5956"}],"wp:featuredmedia":[{"embeddable":true,"href":"https:\/\/www.vxmventaspormayor.cl\/vxm\/wp-json\/wp\/v2\/media\/5957"}],"wp:attachment":[{"href":"https:\/\/www.vxmventaspormayor.cl\/vxm\/wp-json\/wp\/v2\/media?parent=5956"}],"wp:term":[{"taxonomy":"product_brand","embeddable":true,"href":"https:\/\/www.vxmventaspormayor.cl\/vxm\/wp-json\/wp\/v2\/product_brand?post=5956"},{"taxonomy":"product_cat","embeddable":true,"href":"https:\/\/www.vxmventaspormayor.cl\/vxm\/wp-json\/wp\/v2\/product_cat?post=5956"},{"taxonomy":"product_tag","embeddable":true,"href":"https:\/\/www.vxmventaspormayor.cl\/vxm\/wp-json\/wp\/v2\/product_tag?post=5956"}],"curies":[{"name":"wp","href":"https:\/\/api.w.org\/{rel}","templated":true}]}}