{"id":5932,"date":"2022-05-16T22:12:35","date_gmt":"2022-05-16T22:12:35","guid":{"rendered":"https:\/\/vxmventaspormayor.cl\/vxm\/?post_type=product&#038;p=5932"},"modified":"2022-07-31T01:44:35","modified_gmt":"2022-07-31T01:44:35","slug":"moda-mujer-delantal-cruzado-mezclilla-tela-liviana","status":"publish","type":"product","link":"https:\/\/www.vxmventaspormayor.cl\/vxm\/producto\/moda-mujer-delantal-cruzado-mezclilla-tela-liviana\/","title":{"rendered":"Delantal japones mezclilla"},"content":{"rendered":"<h2>Delantal japones grandeza<\/h2>\n<p>Delantal japones Modelo grandeza Fabricado\u00a0 en mezclilla liviana talla est\u00e1ndar adultos\u00a0 S -M-L-XL-XXL<\/p>\n<p>Color azul y negro<\/p>\n<p>&nbsp;<\/p>\n<h2><b>Mayoristas<\/b><\/h2>\n<p><span style=\"font-weight: 400;\">Para consultar valores mayoristas de delantal japon\u00e9s,venta de delantal japon\u00e9s personalizadas para empresas,delantal japon\u00e9s con logo por mayor ,comprar delantal japon\u00e9s publicitarios y cotizar bordados escr\u00edbenos a nuestro whatsapp que est\u00e1 al inicio de la p\u00e1gina al correo o en el bot\u00f3n cotizar.<\/span><\/p>\n","protected":false},"excerpt":{"rendered":"<h2>Delantal japones grandeza<\/h2>\n<p>Delantal japones Modelo grandeza Fabricado\u00a0 en mezclilla liviana talla est\u00e1ndar adultos\u00a0 S -M-L-XL-XXL<\/p>\n<p>Color azul y negro<\/p>\n<p>&nbsp;<\/p>\n<h3>Mayoristas Recuerden Ahorrar y escribirnos a nuestro correo<\/h3>\n<p>contacto@vxmventaspormayor.cl para cotizar valores x mayor y logos.<\/p>\n","protected":false},"featured_media":6567,"comment_status":"closed","ping_status":"closed","template":"","meta":[],"product_brand":[],"product_cat":[66,62,65,67],"product_tag":[],"class_list":{"0":"post-5932","1":"product","2":"type-product","3":"status-publish","4":"has-post-thumbnail","6":"product_cat-delantal-packing","7":"product_cat-delantal-japones","8":"product_cat-delantales-de-trabajo","9":"product_cat-delantales-de-trabajo-y-packing","10":"thunk-woo-product-list","11":"opn-qv-enable","12":"top-store-woo-hover-zoom","13":"top-store-single-product-tab-horizontal","14":"top-store-shadow-","15":"top-store-shadow-hover-","17":"first","18":"instock","19":"taxable","20":"shipping-taxable","21":"purchasable","22":"product-type-simple"},"_links":{"self":[{"href":"https:\/\/www.vxmventaspormayor.cl\/vxm\/wp-json\/wp\/v2\/product\/5932","targetHints":{"allow":["GET"]}}],"collection":[{"href":"https:\/\/www.vxmventaspormayor.cl\/vxm\/wp-json\/wp\/v2\/product"}],"about":[{"href":"https:\/\/www.vxmventaspormayor.cl\/vxm\/wp-json\/wp\/v2\/types\/product"}],"replies":[{"embeddable":true,"href":"https:\/\/www.vxmventaspormayor.cl\/vxm\/wp-json\/wp\/v2\/comments?post=5932"}],"wp:featuredmedia":[{"embeddable":true,"href":"https:\/\/www.vxmventaspormayor.cl\/vxm\/wp-json\/wp\/v2\/media\/6567"}],"wp:attachment":[{"href":"https:\/\/www.vxmventaspormayor.cl\/vxm\/wp-json\/wp\/v2\/media?parent=5932"}],"wp:term":[{"taxonomy":"product_brand","embeddable":true,"href":"https:\/\/www.vxmventaspormayor.cl\/vxm\/wp-json\/wp\/v2\/product_brand?post=5932"},{"taxonomy":"product_cat","embeddable":true,"href":"https:\/\/www.vxmventaspormayor.cl\/vxm\/wp-json\/wp\/v2\/product_cat?post=5932"},{"taxonomy":"product_tag","embeddable":true,"href":"https:\/\/www.vxmventaspormayor.cl\/vxm\/wp-json\/wp\/v2\/product_tag?post=5932"}],"curies":[{"name":"wp","href":"https:\/\/api.w.org\/{rel}","templated":true}]}}