{"id":5839,"date":"2022-04-13T00:02:00","date_gmt":"2022-04-13T00:02:00","guid":{"rendered":"https:\/\/vxmventaspormayor.cl\/vxm\/?post_type=product&#038;p=5839"},"modified":"2022-04-13T00:03:31","modified_gmt":"2022-04-13T00:03:31","slug":"bolsa-mezclilla-original-con-ojetillos","status":"publish","type":"product","link":"https:\/\/www.vxmventaspormayor.cl\/vxm\/producto\/bolsa-mezclilla-original-con-ojetillos\/","title":{"rendered":"Bolsa de mezclilla original con ojetillos"},"content":{"rendered":"","protected":false},"excerpt":{"rendered":"<p>Moderna bolsa de mezclilla con ojetillos met\u00e1licos, lindo regalo para el d\u00eda de la mujer, regalos para el d\u00eda de la madre, regalos para el d\u00eda del trabajador, regalos corporativos.<\/p>\n<p>Venta m\u00ednima 6 unidades<\/p>\n<p>Bolsa de mezclilla bordada desde 10 unidades, costo extra de bordado<\/p>\n<h2>Mayoristas<\/h2>\n<h3>Para cotizar valores mayoristas escr\u00edbenos a nuestro whatsapp o correo <a href=\"https:\/\/vxmventaspormayor.cl\/vxm\/producto\/gorro-transformable-a-cuello-gorro-polar-2-usos-gorro-polar-transformable\/contacto@vxmventaspormayor.cl\">contacto@vxmventaspormayor.cl<\/a><\/h3>\n<p>&nbsp;<\/p>\n","protected":false},"featured_media":5840,"comment_status":"closed","ping_status":"closed","template":"","meta":[],"product_brand":[],"product_cat":[48],"product_tag":[],"class_list":{"0":"post-5839","1":"product","2":"type-product","3":"status-publish","4":"has-post-thumbnail","6":"product_cat-bolsas-de-mezclilla-originales","7":"thunk-woo-product-list","8":"opn-qv-enable","9":"top-store-woo-hover-zoom","10":"top-store-single-product-tab-horizontal","11":"top-store-shadow-","12":"top-store-shadow-hover-","14":"first","15":"instock","16":"sale","17":"taxable","18":"shipping-taxable","19":"purchasable","20":"product-type-simple"},"_links":{"self":[{"href":"https:\/\/www.vxmventaspormayor.cl\/vxm\/wp-json\/wp\/v2\/product\/5839","targetHints":{"allow":["GET"]}}],"collection":[{"href":"https:\/\/www.vxmventaspormayor.cl\/vxm\/wp-json\/wp\/v2\/product"}],"about":[{"href":"https:\/\/www.vxmventaspormayor.cl\/vxm\/wp-json\/wp\/v2\/types\/product"}],"replies":[{"embeddable":true,"href":"https:\/\/www.vxmventaspormayor.cl\/vxm\/wp-json\/wp\/v2\/comments?post=5839"}],"wp:featuredmedia":[{"embeddable":true,"href":"https:\/\/www.vxmventaspormayor.cl\/vxm\/wp-json\/wp\/v2\/media\/5840"}],"wp:attachment":[{"href":"https:\/\/www.vxmventaspormayor.cl\/vxm\/wp-json\/wp\/v2\/media?parent=5839"}],"wp:term":[{"taxonomy":"product_brand","embeddable":true,"href":"https:\/\/www.vxmventaspormayor.cl\/vxm\/wp-json\/wp\/v2\/product_brand?post=5839"},{"taxonomy":"product_cat","embeddable":true,"href":"https:\/\/www.vxmventaspormayor.cl\/vxm\/wp-json\/wp\/v2\/product_cat?post=5839"},{"taxonomy":"product_tag","embeddable":true,"href":"https:\/\/www.vxmventaspormayor.cl\/vxm\/wp-json\/wp\/v2\/product_tag?post=5839"}],"curies":[{"name":"wp","href":"https:\/\/api.w.org\/{rel}","templated":true}]}}