{"id":5623,"date":"2022-03-08T21:17:41","date_gmt":"2022-03-08T21:17:41","guid":{"rendered":"https:\/\/vxmventaspormayor.cl\/vxm\/?post_type=product&#038;p=5623"},"modified":"2022-07-27T23:41:17","modified_gmt":"2022-07-27T23:41:17","slug":"frazada-polar-manta-de-polar-con-arnes-de-eco-cuero-cuerina-para-traslado","status":"publish","type":"product","link":"https:\/\/www.vxmventaspormayor.cl\/vxm\/producto\/frazada-polar-manta-de-polar-con-arnes-de-eco-cuero-cuerina-para-traslado\/","title":{"rendered":"Frazada polar con cuero de viaje ,manta polar viajes"},"content":{"rendered":"<h3>Manta polar con cuero para viajes 100&#215;1.45<\/h3>\n<p>Minoristas y detalle<\/p>\n<p>Ficha t\u00e9cnica: Manta de polar, con arn\u00e9s en cuero o cuerina Descripci\u00f3n; Tela polar de calidad, durabilidad, Frazada t\u00e9rmica, tela polar ecol\u00f3gica Terminaci\u00f3n orillada overlock. Medidas: Frazada polar se encuentra disponible en todas las medidas 100&#215;1.45 Se encuentra disponible en m\u00e1s de 8colores.<\/p>\n<p>Valor no incluye logo ,al detalle solo se vende el producto sin logo .<\/p>\n<p>Mayoristas<\/p>\n<h3>Recuerda cotizar valores mayoristas a nuestro whatsapp o correo contacto@vxmventaspormayor.cl<\/h3>\n<p>frazada t\u00e9rmica de polar Se puede bordar o estampar seg\u00fan elecci\u00f3n. Usos: Frazada polar o Manta polar sus usos son variados , usos publicitarios, regalos publicitarios, Para viajes, regalos corporativos, para restaurantes y caf\u00e9, eventos y matrimonios, empresas de viaje, aerol\u00edneas, Hoteles, Cl\u00ednicas son multiuso por su alto valor t\u00e9rmico. Lavados: se recomienda lavar sola sin otras prendas, se puede secar en la secadora. Fono ventas: 22-7244928 +56996569117<br \/>\nManta polar con arnes cuerina ,opci\u00f2n de logo a elecci\u00f2n disponible en todos los colores<\/p>\n<h3><\/h3>\n<h3>Manta polar con cuero para viajes 100&#215;1.45<\/h3>\n<p>Venta minima 1 unidad<\/p>\n<p>Valor no incluye logo<\/p>\n<p>6 colores para elegir<\/p>\n<h3>Recuerda cotizar valores mayoristas a nuestro whatsapp o correo contacto@vxmventaspormayor.cl<\/h3>\n<p>&nbsp;<\/p>\n<p>&nbsp;<\/p>\n<p>&nbsp;<\/p>\n","protected":false},"excerpt":{"rendered":"<h3>Manta polar con cuero para viajes 100&#215;1.45<\/h3>\n<p>Venta minima 1 unidad sin logo<\/p>\n<p>Valor no incluye logo para logo bordado desde 10 unidades con costo extra de logo.<\/p>\n<p>6 colores para elegir<\/p>\n<h3>Recuerda cotizar valores mayoristas a nuestro whatsapp o correo contacto@vxmventaspormayor.cl<\/h3>\n","protected":false},"featured_media":6551,"comment_status":"closed","ping_status":"closed","template":"","meta":[],"product_brand":[],"product_cat":[32],"product_tag":[],"class_list":{"0":"post-5623","1":"product","2":"type-product","3":"status-publish","4":"has-post-thumbnail","6":"product_cat-frazadas-de-polar","7":"thunk-woo-product-list","8":"opn-qv-enable","9":"top-store-woo-hover-zoom","10":"top-store-single-product-tab-horizontal","11":"top-store-shadow-","12":"top-store-shadow-hover-","14":"first","15":"instock","16":"taxable","17":"shipping-taxable","18":"purchasable","19":"product-type-simple"},"_links":{"self":[{"href":"https:\/\/www.vxmventaspormayor.cl\/vxm\/wp-json\/wp\/v2\/product\/5623","targetHints":{"allow":["GET"]}}],"collection":[{"href":"https:\/\/www.vxmventaspormayor.cl\/vxm\/wp-json\/wp\/v2\/product"}],"about":[{"href":"https:\/\/www.vxmventaspormayor.cl\/vxm\/wp-json\/wp\/v2\/types\/product"}],"replies":[{"embeddable":true,"href":"https:\/\/www.vxmventaspormayor.cl\/vxm\/wp-json\/wp\/v2\/comments?post=5623"}],"wp:featuredmedia":[{"embeddable":true,"href":"https:\/\/www.vxmventaspormayor.cl\/vxm\/wp-json\/wp\/v2\/media\/6551"}],"wp:attachment":[{"href":"https:\/\/www.vxmventaspormayor.cl\/vxm\/wp-json\/wp\/v2\/media?parent=5623"}],"wp:term":[{"taxonomy":"product_brand","embeddable":true,"href":"https:\/\/www.vxmventaspormayor.cl\/vxm\/wp-json\/wp\/v2\/product_brand?post=5623"},{"taxonomy":"product_cat","embeddable":true,"href":"https:\/\/www.vxmventaspormayor.cl\/vxm\/wp-json\/wp\/v2\/product_cat?post=5623"},{"taxonomy":"product_tag","embeddable":true,"href":"https:\/\/www.vxmventaspormayor.cl\/vxm\/wp-json\/wp\/v2\/product_tag?post=5623"}],"curies":[{"name":"wp","href":"https:\/\/api.w.org\/{rel}","templated":true}]}}