{"id":5619,"date":"2022-03-08T20:43:23","date_gmt":"2022-03-08T20:43:23","guid":{"rendered":"https:\/\/vxmventaspormayor.cl\/vxm\/?post_type=product&#038;p=5619"},"modified":"2022-07-28T01:18:59","modified_gmt":"2022-07-28T01:18:59","slug":"frazada-polar-1-plaza-y-media-y-1-plaza-frazada-termica","status":"publish","type":"product","link":"https:\/\/www.vxmventaspormayor.cl\/vxm\/producto\/frazada-polar-1-plaza-y-media-y-1-plaza-frazada-termica\/","title":{"rendered":"frazada polar 1 plaza, frazada 1 plaza y media."},"content":{"rendered":"<h2>Frazada polar de 1 plaza ,1\u00a0 1\/2<\/h2>\n<h2>disponible en 8 colores<\/h2>\n<p>venta minima 1 unidad se recomienda consultar stock de colores al detalle.<\/p>\n<p>Frazada polar medida 220&#215;1.45 aprox acogedora ,lindo colores para elegir y combinar a tu gusto<\/p>\n<h2><b>Mayoristas<\/b><\/h2>\n<p><span style=\"font-weight: 400;\">Consultar por whatsapp por otros tramos de valores ,stock de colores antes a nuestro whatsapp +56996569117\u00a0 o correo contacto@vxmventaspormayor.cl<\/span><\/p>\n<p><span style=\"font-weight: 400;\">Para consultar valores mayoristas de frazadas de polar 1 plaza,venta de frazadas de 1 plaza personalizadas para empresas,frazadas de polar 1 plaza por mayor ,comprar frazadas de 1 plaza y cotizar bordados escr\u00edbenos a nuestro whatsapp que est\u00e1 al inicio de la p\u00e1gina al correo o en el bot\u00f3n cotizar.<\/span><\/p>\n<p>&nbsp;<\/p>\n<p>&nbsp;<\/p>\n","protected":false},"excerpt":{"rendered":"<h2>Frazada polar de 1 plaza ,1\u00a0 1\/2<\/h2>\n<h2>disponible en 8 colores<\/h2>\n<p>Frazada polar medida 220&#215;1.45 aprox acogedora ,lindo colores para elegir y combinar a tu gusto<\/p>\n<h2><b>Mayoristas<\/b><\/h2>\n<p><span style=\"font-weight: 400;\">Consultar por whatsapp por otros tramos de valores ,stock de colores antes a nuestro whatsapp +56996569117\u00a0 o correo contacto@vxmventaspormayor.cl<\/span><\/p>\n<p><span style=\"font-weight: 400;\">Para consultar valores mayoristas de frazadas de polar 1 plaza,venta de frazadas de 1 plaza personalizadas para empresas,frazadas de polar 1 plaza por mayor ,comprar frazadas de 1 plaza y cotizar bordados escr\u00edbenos a nuestro whatsapp que est\u00e1 al inicio de la p\u00e1gina al correo o en el bot\u00f3n cotizar.<\/span><\/p>\n","protected":false},"featured_media":6559,"comment_status":"closed","ping_status":"closed","template":"","meta":[],"product_brand":[],"product_cat":[32,54],"product_tag":[],"class_list":{"0":"post-5619","1":"product","2":"type-product","3":"status-publish","4":"has-post-thumbnail","6":"product_cat-frazadas-de-polar","7":"product_cat-frazadas-por-mayor-hogar","8":"thunk-woo-product-list","9":"opn-qv-enable","10":"top-store-woo-hover-zoom","11":"top-store-single-product-tab-horizontal","12":"top-store-shadow-","13":"top-store-shadow-hover-","15":"first","16":"instock","17":"taxable","18":"shipping-taxable","19":"purchasable","20":"product-type-simple"},"_links":{"self":[{"href":"https:\/\/www.vxmventaspormayor.cl\/vxm\/wp-json\/wp\/v2\/product\/5619","targetHints":{"allow":["GET"]}}],"collection":[{"href":"https:\/\/www.vxmventaspormayor.cl\/vxm\/wp-json\/wp\/v2\/product"}],"about":[{"href":"https:\/\/www.vxmventaspormayor.cl\/vxm\/wp-json\/wp\/v2\/types\/product"}],"replies":[{"embeddable":true,"href":"https:\/\/www.vxmventaspormayor.cl\/vxm\/wp-json\/wp\/v2\/comments?post=5619"}],"wp:featuredmedia":[{"embeddable":true,"href":"https:\/\/www.vxmventaspormayor.cl\/vxm\/wp-json\/wp\/v2\/media\/6559"}],"wp:attachment":[{"href":"https:\/\/www.vxmventaspormayor.cl\/vxm\/wp-json\/wp\/v2\/media?parent=5619"}],"wp:term":[{"taxonomy":"product_brand","embeddable":true,"href":"https:\/\/www.vxmventaspormayor.cl\/vxm\/wp-json\/wp\/v2\/product_brand?post=5619"},{"taxonomy":"product_cat","embeddable":true,"href":"https:\/\/www.vxmventaspormayor.cl\/vxm\/wp-json\/wp\/v2\/product_cat?post=5619"},{"taxonomy":"product_tag","embeddable":true,"href":"https:\/\/www.vxmventaspormayor.cl\/vxm\/wp-json\/wp\/v2\/product_tag?post=5619"}],"curies":[{"name":"wp","href":"https:\/\/api.w.org\/{rel}","templated":true}]}}