{"id":5602,"date":"2022-03-08T15:32:32","date_gmt":"2022-03-08T15:32:32","guid":{"rendered":"https:\/\/vxmventaspormayor.cl\/vxm\/?post_type=product&#038;p=5602"},"modified":"2022-07-30T22:00:14","modified_gmt":"2022-07-30T22:00:14","slug":"manta-de-polar","status":"publish","type":"product","link":"https:\/\/www.vxmventaspormayor.cl\/vxm\/producto\/manta-de-polar\/","title":{"rendered":"Manta de polar, mantas de polar por mayor, frazadas de polar por mayor"},"content":{"rendered":"<h2 class=\"fbx-item-current\">Frazada polar medida 1.20&#215;1.45 terminaci\u00f3n orillada overlock<\/h2>\n<p>&nbsp;<\/p>\n<p>Frazada polar 120&#215;1.45 aprox<\/p>\n<p>terminaci\u00f3n orillada overlock<\/p>\n<p>presentaci\u00f3n cinta<\/p>\n<p>10 colores para elegir<\/p>\n<p>Se puede bordar desde 10 unidades con costo extra de bordado<\/p>\n<h2><b>Mayoristas<\/b><\/h2>\n<p><span style=\"font-weight: 400;\">Consultar por whatsapp por otros tramos de valores ,stock de colores antes a nuestro whatsapp +56996569117\u00a0 o correo contacto@vxmventaspormayor.cl<\/span><\/p>\n<p><span style=\"font-weight: 400;\">Para consultar valores mayoristas de frazada polar por mayor,venta de frazadas polar personalizadas para empresas,manta polar con logo por mayor ,comprar frazadas publicitarias y cotizar bordados escr\u00edbenos a nuestro whatsapp que est\u00e1 al inicio de la p\u00e1gina al correo o en el bot\u00f3n cotizar.<\/span><\/p>\n","protected":false},"excerpt":{"rendered":"<h2>Frazada polar medida 1.20&#215;1.45 terminaci\u00f3n orillada overlock<\/h2>\n<h3>Venta m\u00ednima 6 unidades<\/h3>\n<p>El valor es por 1 unidad a precio detalle<\/p>\n<p>ideal para regalo corporativo ,esta calentita frazada te acompa\u00f1ara a todo lugar, en invierno y para tardes fr\u00edas en verano.<\/p>\n<h3><\/h3>\n<p>&nbsp;<\/p>\n<p><strong>MAYORISTAS<\/strong><\/p>\n<p>Recuerda cotizar valores mayoristas a nuestro whatsapp si quieres comprar por mayor<\/p>\n<p>Este producto se puede personalizar desde 10 unidades con un costo extra.<\/p>\n","protected":false},"featured_media":5604,"comment_status":"closed","ping_status":"closed","template":"","meta":[],"product_brand":[],"product_cat":[32],"product_tag":[],"class_list":{"0":"post-5602","1":"product","2":"type-product","3":"status-publish","4":"has-post-thumbnail","6":"product_cat-frazadas-de-polar","7":"thunk-woo-product-list","8":"opn-qv-enable","9":"top-store-woo-hover-zoom","10":"top-store-single-product-tab-horizontal","11":"top-store-shadow-","12":"top-store-shadow-hover-","14":"first","15":"instock","16":"sale","17":"taxable","18":"shipping-taxable","19":"purchasable","20":"product-type-simple"},"_links":{"self":[{"href":"https:\/\/www.vxmventaspormayor.cl\/vxm\/wp-json\/wp\/v2\/product\/5602","targetHints":{"allow":["GET"]}}],"collection":[{"href":"https:\/\/www.vxmventaspormayor.cl\/vxm\/wp-json\/wp\/v2\/product"}],"about":[{"href":"https:\/\/www.vxmventaspormayor.cl\/vxm\/wp-json\/wp\/v2\/types\/product"}],"replies":[{"embeddable":true,"href":"https:\/\/www.vxmventaspormayor.cl\/vxm\/wp-json\/wp\/v2\/comments?post=5602"}],"wp:featuredmedia":[{"embeddable":true,"href":"https:\/\/www.vxmventaspormayor.cl\/vxm\/wp-json\/wp\/v2\/media\/5604"}],"wp:attachment":[{"href":"https:\/\/www.vxmventaspormayor.cl\/vxm\/wp-json\/wp\/v2\/media?parent=5602"}],"wp:term":[{"taxonomy":"product_brand","embeddable":true,"href":"https:\/\/www.vxmventaspormayor.cl\/vxm\/wp-json\/wp\/v2\/product_brand?post=5602"},{"taxonomy":"product_cat","embeddable":true,"href":"https:\/\/www.vxmventaspormayor.cl\/vxm\/wp-json\/wp\/v2\/product_cat?post=5602"},{"taxonomy":"product_tag","embeddable":true,"href":"https:\/\/www.vxmventaspormayor.cl\/vxm\/wp-json\/wp\/v2\/product_tag?post=5602"}],"curies":[{"name":"wp","href":"https:\/\/api.w.org\/{rel}","templated":true}]}}