{"id":5588,"date":"2022-03-08T00:08:52","date_gmt":"2022-03-08T00:08:52","guid":{"rendered":"https:\/\/vxmventaspormayor.cl\/vxm\/?post_type=product&#038;p=5588"},"modified":"2022-05-21T02:00:23","modified_gmt":"2022-05-21T02:00:23","slug":"bolsa-de-tela-con-tirantes-de-cuero-regalos-dia-de-la-mujer","status":"publish","type":"product","link":"https:\/\/www.vxmventaspormayor.cl\/vxm\/producto\/bolsa-de-tela-con-tirantes-de-cuero-regalos-dia-de-la-mujer\/","title":{"rendered":"Bolsa de algod\u00f3n con tirantes de cuero, para hombre y mujer"},"content":{"rendered":"","protected":false},"excerpt":{"rendered":"<p>Bolsa de algod\u00f3n lona crudo para hombre y mujer con tirantes de cuero en manjar, caf\u00e9 y negro\u00a0 c\u00f3moda y elegante ,<\/p>\n<p>Venta m\u00ednima 10 unidades.<\/p>\n<p>&nbsp;<\/p>\n<h3>Mayoristas Recuerden Ahorrar y escribirnos a nuestro correo y whatsapp<\/h3>\n<p>contacto@vxmventaspormayor.cl para cotizar valores por mayor y logos.<\/p>\n<p>Bolsas de algod\u00f3n con cuero, bolsas de algod\u00f3n originales, bolsas de algod\u00f3n por mayor<\/p>\n","protected":false},"featured_media":4829,"comment_status":"closed","ping_status":"closed","template":"","meta":[],"product_brand":[],"product_cat":[31],"product_tag":[],"class_list":{"0":"post-5588","1":"product","2":"type-product","3":"status-publish","4":"has-post-thumbnail","6":"product_cat-bolsas-de-tela","7":"thunk-woo-product-list","8":"opn-qv-enable","9":"top-store-woo-hover-zoom","10":"top-store-single-product-tab-horizontal","11":"top-store-shadow-","12":"top-store-shadow-hover-","14":"first","15":"instock","16":"sale","17":"taxable","18":"shipping-taxable","19":"purchasable","20":"product-type-simple"},"_links":{"self":[{"href":"https:\/\/www.vxmventaspormayor.cl\/vxm\/wp-json\/wp\/v2\/product\/5588","targetHints":{"allow":["GET"]}}],"collection":[{"href":"https:\/\/www.vxmventaspormayor.cl\/vxm\/wp-json\/wp\/v2\/product"}],"about":[{"href":"https:\/\/www.vxmventaspormayor.cl\/vxm\/wp-json\/wp\/v2\/types\/product"}],"replies":[{"embeddable":true,"href":"https:\/\/www.vxmventaspormayor.cl\/vxm\/wp-json\/wp\/v2\/comments?post=5588"}],"wp:featuredmedia":[{"embeddable":true,"href":"https:\/\/www.vxmventaspormayor.cl\/vxm\/wp-json\/wp\/v2\/media\/4829"}],"wp:attachment":[{"href":"https:\/\/www.vxmventaspormayor.cl\/vxm\/wp-json\/wp\/v2\/media?parent=5588"}],"wp:term":[{"taxonomy":"product_brand","embeddable":true,"href":"https:\/\/www.vxmventaspormayor.cl\/vxm\/wp-json\/wp\/v2\/product_brand?post=5588"},{"taxonomy":"product_cat","embeddable":true,"href":"https:\/\/www.vxmventaspormayor.cl\/vxm\/wp-json\/wp\/v2\/product_cat?post=5588"},{"taxonomy":"product_tag","embeddable":true,"href":"https:\/\/www.vxmventaspormayor.cl\/vxm\/wp-json\/wp\/v2\/product_tag?post=5588"}],"curies":[{"name":"wp","href":"https:\/\/api.w.org\/{rel}","templated":true}]}}