{"id":5525,"date":"2022-03-07T20:46:05","date_gmt":"2022-03-07T20:46:05","guid":{"rendered":"https:\/\/vxmventaspormayor.cl\/vxm\/?post_type=product&#038;p=5525"},"modified":"2022-05-21T01:53:25","modified_gmt":"2022-05-21T01:53:25","slug":"bolsa-de-tela-crudo-bolsa-de-tela-para-mujer","status":"publish","type":"product","link":"https:\/\/www.vxmventaspormayor.cl\/vxm\/producto\/bolsa-de-tela-crudo-bolsa-de-tela-para-mujer\/","title":{"rendered":"Bolsa de tela crudo ,bolsa de tela para mujer"},"content":{"rendered":"","protected":false},"excerpt":{"rendered":"<p>Bolsa de lona algod\u00f3n crudo con ojetillos met\u00e1licos y tirante huincha poli\u00e9ster.<\/p>\n<p>Venta m\u00ednima 20 unidades, se vende por menor cantidad a otros valores consultar.<\/p>\n<h3>Mayoristas Recuerden Ahorrar y escribirnos a nuestro correo y whatsapp<\/h3>\n<p>contacto@vxmventaspormayor.cl para cotizar valores por mayor y logos.<\/p>\n<p>Regalos corporativos, bolsas de algod\u00f3n originales, regalos d\u00eda de la mujer, regalos d\u00eda de la madre, regalos personalizados para empresas.<\/p>\n","protected":false},"featured_media":5540,"comment_status":"closed","ping_status":"closed","template":"","meta":[],"product_brand":[],"product_cat":[31],"product_tag":[],"class_list":{"0":"post-5525","1":"product","2":"type-product","3":"status-publish","4":"has-post-thumbnail","6":"product_cat-bolsas-de-tela","7":"thunk-woo-product-list","8":"opn-qv-enable","9":"top-store-woo-hover-zoom","10":"top-store-single-product-tab-horizontal","11":"top-store-shadow-","12":"top-store-shadow-hover-","14":"first","15":"instock","16":"taxable","17":"shipping-taxable","18":"purchasable","19":"product-type-simple"},"_links":{"self":[{"href":"https:\/\/www.vxmventaspormayor.cl\/vxm\/wp-json\/wp\/v2\/product\/5525","targetHints":{"allow":["GET"]}}],"collection":[{"href":"https:\/\/www.vxmventaspormayor.cl\/vxm\/wp-json\/wp\/v2\/product"}],"about":[{"href":"https:\/\/www.vxmventaspormayor.cl\/vxm\/wp-json\/wp\/v2\/types\/product"}],"replies":[{"embeddable":true,"href":"https:\/\/www.vxmventaspormayor.cl\/vxm\/wp-json\/wp\/v2\/comments?post=5525"}],"wp:featuredmedia":[{"embeddable":true,"href":"https:\/\/www.vxmventaspormayor.cl\/vxm\/wp-json\/wp\/v2\/media\/5540"}],"wp:attachment":[{"href":"https:\/\/www.vxmventaspormayor.cl\/vxm\/wp-json\/wp\/v2\/media?parent=5525"}],"wp:term":[{"taxonomy":"product_brand","embeddable":true,"href":"https:\/\/www.vxmventaspormayor.cl\/vxm\/wp-json\/wp\/v2\/product_brand?post=5525"},{"taxonomy":"product_cat","embeddable":true,"href":"https:\/\/www.vxmventaspormayor.cl\/vxm\/wp-json\/wp\/v2\/product_cat?post=5525"},{"taxonomy":"product_tag","embeddable":true,"href":"https:\/\/www.vxmventaspormayor.cl\/vxm\/wp-json\/wp\/v2\/product_tag?post=5525"}],"curies":[{"name":"wp","href":"https:\/\/api.w.org\/{rel}","templated":true}]}}