{"id":7178,"date":"2023-02-06T16:26:44","date_gmt":"2023-02-06T16:26:44","guid":{"rendered":"https:\/\/vxmventaspormayor.cl\/vxm\/?page_id=7178"},"modified":"2023-02-06T23:15:49","modified_gmt":"2023-02-06T23:15:49","slug":"regalos-corporativos-para-mujer","status":"publish","type":"page","link":"https:\/\/www.vxmventaspormayor.cl\/vxm\/regalos-corporativos-para-mujer\/","title":{"rendered":"Regalos corporativos para mujer"},"content":{"rendered":"<h1>Regalos para mujer<\/h1>\n<p style=\"text-align: left;\">\u00a0<img loading=\"lazy\" decoding=\"async\" class=\"alignnone wp-image-7180\" src=\"https:\/\/vxmventaspormayor.cl\/vxm\/wp-content\/uploads\/2023\/02\/regalos-corporativos-para-mujer-regalos-empresas-.jpg\" alt=\"regalos para el dia de la mujer personalizados,regalos corporativos\" width=\"332\" height=\"332\" srcset=\"https:\/\/www.vxmventaspormayor.cl\/vxm\/wp-content\/uploads\/2023\/02\/regalos-corporativos-para-mujer-regalos-empresas-.jpg 500w, https:\/\/www.vxmventaspormayor.cl\/vxm\/wp-content\/uploads\/2023\/02\/regalos-corporativos-para-mujer-regalos-empresas--300x300.jpg 300w, https:\/\/www.vxmventaspormayor.cl\/vxm\/wp-content\/uploads\/2023\/02\/regalos-corporativos-para-mujer-regalos-empresas--150x150.jpg 150w, https:\/\/www.vxmventaspormayor.cl\/vxm\/wp-content\/uploads\/2023\/02\/regalos-corporativos-para-mujer-regalos-empresas--320x320.jpg 320w, https:\/\/www.vxmventaspormayor.cl\/vxm\/wp-content\/uploads\/2023\/02\/regalos-corporativos-para-mujer-regalos-empresas--100x100.jpg 100w, https:\/\/www.vxmventaspormayor.cl\/vxm\/wp-content\/uploads\/2023\/02\/regalos-corporativos-para-mujer-regalos-empresas--48x48.jpg 48w\" sizes=\"auto, (max-width: 332px) 100vw, 332px\" \/><\/p>\n<p><span style=\"font-family: Arial, Helvetica, sans-serif; font-size: 14pt;\">Los obsequios corporativos son una excelente manera de mostrar aprecio y gratitud a las mujeres trabajadoras de su organizaci\u00f3n. La investigaci\u00f3n ha demostrado que el 88% de las empresas ofrecen obsequios corporativos a sus empleadas. He aqu\u00ed por qu\u00e9 es importante: 1) Genera lealtad y confianza: los obsequios corporativos muestran a los empleados cu\u00e1nto se valoran sus contribuciones. 2) Mejora las relaciones: los obsequios ayudan a fomentar las relaciones y crean un ambiente de trabajo positivo. 3) Aumenta la productividad: cuando los empleados se sienten apreciados y respetados, su moral y motivaci\u00f3n mejoran, lo que lleva a una mayor productividad. Entonces, muestre a las mujeres en su organizaci\u00f3n que son valoradas y apreciadas. \u00a1Haga que los obsequios corporativos formen parte de la cultura de su organizaci\u00f3n!<\/span><\/p>\n<p>&nbsp;<\/p>\n<p><span style=\"font-family: Arial, Helvetica, sans-serif; font-size: 14pt;\">Los regalos corporativos para mujer son amplios y son una excelente manera de fortalecer las relaciones con los clientes, los empleados y los socios comerciales. Sin embargo, es especialmente importante considerar los regalos corporativos para mujeres ya que ellas representan una gran parte de la fuerza laboral y del poder adquisitivo. A continuaci\u00f3n, se describen algunas razones por las que es importante considerar los regalos corporativos para mujeres, as\u00ed como algunas sugerencias de regalos que son populares entre las mujeres:<\/span><\/p>\n<ol>\n<li><span style=\"font-family: Arial, Helvetica, sans-serif; font-size: 14pt;\">Representaci\u00f3n equitativa: Las mujeres representan una gran parte de la fuerza laboral y del poder adquisitivo, por lo que es importante incluirlas en las estrategias de regalos corporativos. Adem\u00e1s, al incluir regalos corporativos para mujeres, se demuestra una representaci\u00f3n equitativa y se evita la discriminaci\u00f3n de g\u00e9nero.<\/span><\/li>\n<li><span style=\"font-family: Arial, Helvetica, sans-serif; font-size: 14pt;\">Establecer relaciones s\u00f3lidas: Los regalos corporativos pueden ayudar a establecer relaciones s\u00f3lidas con clientes, empleados y socios comerciales. Al incluir regalos para mujeres, se muestra que se valora a todos los miembros de la comunidad empresarial.<\/span><\/li>\n<li><span style=\"font-family: Arial, Helvetica, sans-serif; font-size: 14pt;\">Personalizaci\u00f3n: Los regalos personalizados son una excelente manera de demostrar aprecio y agradecimiento. Las mujeres valoran los regalos personalizados que son \u00fanicos y significativos, como una manta polar personalizada,un bolso personalizado, o accesorios con su nombre grabado y el de la empresa.<\/span><\/li>\n<li><span style=\"font-family: Arial, Helvetica, sans-serif; font-size: 14pt;\">Productos de cuidado personal: Los productos de cuidado personal, como estuches , canastas de Spa , mantas de picnic personalizada para ella y su familia,toallas personalizadas \u00a0son muy populares entre las mujeres. Estos regalos son una excelente manera de demostrar aprecio y cuidado hacia ellas.<\/span><\/li>\n<li><span style=\"font-family: Arial, Helvetica, sans-serif; font-size: 14pt;\">Regalos de dise\u00f1o: Las mujeres valoran los regalos con dise\u00f1o atractivo y de alta calidad, como carteras de tela , bolso de tela y cuero,bolsos de mezclilla modernos y art\u00edculos de escritorio como agendas y lapices personalizados.<\/span><\/li>\n<li><span style=\"font-family: Arial, Helvetica, sans-serif; font-size: 14pt;\">Regalos de experiencia: Las mujeres valoran los regalos que les permiten tener una experiencia \u00fanica, como una botella de vino para disfrutar, un kit de familia de pecheras de cocina personalizadas para cocinar en familia,un fin de semana de descanso,una manta de polar personalizada,un bolso de tela personalizado.<\/span><\/li>\n<li><span style=\"font-family: Arial, Helvetica, sans-serif; font-size: 14pt;\">Regalos sustentables: las mujeres est\u00e1n cada vez m\u00e1s concientes de su impacto en el medio ambiente, por lo que los regalos corporativos sustentables son una excelente manera de mostrar aprecio y responsabilidad social,regalos ecologicos corporativos personalizados. <\/span><span style=\"font-family: Arial, Helvetica, sans-serif;\"><span style=\"font-size: 14pt;\">Los regalos corporativos sostenibles y ecol\u00f3gicos son una opci\u00f3n cada vez m\u00e1s popular para mujeres. Estos incluyen productos hechos de materiales reciclados, productos de papeler\u00eda sostenible y juguetes ecol\u00f3gicos,bolsas de tela de algod\u00f3n. Estos regalos muestran que la empresa se preocupa por el medio ambiente y por su impacto en el mundo.<\/span><span style=\"font-size: 14pt;\">Los productos para el hogar son una excelente opci\u00f3n para regalos corporativos para mujeres. Estos pueden incluir productos de decoraci\u00f3n para el hogar, productos para cocinar y productos para el jard\u00edn. Estos regalos demuestran que la empresa se preocupa por la comodidad y el bienestar de la mujer en su hogar.<\/span><\/span><\/li>\n<li><span style=\"font-family: Arial, Helvetica, sans-serif; font-size: 14pt;\">Regalos de tecnolog\u00eda: Las mujeres est\u00e1n cada vez m\u00e1s interesadas en la tecnolog\u00eda, por lo que los regalos de tecnolog\u00eda, como pendrive,audifonos computadoras port\u00e1tiles ,llaveros\u00a0 personalizados.<\/span><\/li>\n<\/ol>\n<p>&nbsp;<\/p>\n<p>&nbsp;<\/p>\n<p>&nbsp;<\/p>\n<p>&nbsp;<\/p>\n<p><span style=\"font-size: 14pt;\">te dejo unos link para que puedas vitrinear\u00a0\u00a0<a href=\"https:\/\/vxmventaspormayor.cl\/vxm\/categoria-producto\/bolsas-de-mezclilla-originales\/\">https:\/\/vxmventaspormayor.cl\/vxm\/categoria-producto\/bolsas-de-mezclilla-originales\/<\/a><\/span><\/p>\n<p><span style=\"font-size: 14pt;\"><a href=\"https:\/\/vxmventaspormayor.cl\/vxm\/categoria-producto\/bolsas-de-tela\/\">https:\/\/vxmventaspormayor.cl\/vxm\/categoria-producto\/bolsas-de-tela\/<\/a><\/span><\/p>\n<p><span style=\"font-size: 14pt;\"><a href=\"https:\/\/vxmventaspormayor.cl\/vxm\/categoria-producto\/libretas-y-cuadernos\/\">https:\/\/vxmventaspormayor.cl\/vxm\/categoria-producto\/libretas-y-cuadernos\/<\/a><\/span><\/p>\n<p><span style=\"font-size: 14pt;\"><a href=\"https:\/\/vxmventaspormayor.cl\/vxm\/categoria-producto\/frazadas-de-polar\/\">https:\/\/vxmventaspormayor.cl\/vxm\/categoria-producto\/frazadas-de-polar\/<\/a><\/span><\/p>\n<p>&nbsp;<\/p>\n<p>&nbsp;<\/p>\n","protected":false},"excerpt":{"rendered":"<p>Regalos para mujer \u00a0 Los obsequios corporativos son una excelente manera de mostrar aprecio y gratitud a las mujeres trabajadoras de su organizaci\u00f3n. La investigaci\u00f3n ha demostrado que el 88% de las empresas ofrecen obsequios corporativos a sus empleadas. He aqu\u00ed por qu\u00e9 es importante: 1) Genera lealtad y confianza: los obsequios corporativos muestran a &hellip;<\/p>\n<p class=\"read-more\"> <a class=\" thunk-readmore button \" href=\"https:\/\/www.vxmventaspormayor.cl\/vxm\/regalos-corporativos-para-mujer\/\"> <span class=\"screen-reader-text\">Regalos corporativos para mujer<\/span>Leer m\u00e1s<\/a><\/p>\n","protected":false},"author":1,"featured_media":0,"parent":0,"menu_order":0,"comment_status":"closed","ping_status":"closed","template":"","meta":{"footnotes":""},"class_list":["post-7178","page","type-page","status-publish","hentry","thunk-woo-product-list","opn-qv-enable","top-store-woo-hover-zoom","top-store-single-product-tab-horizontal","top-store-shadow-","top-store-shadow-hover-"],"_links":{"self":[{"href":"https:\/\/www.vxmventaspormayor.cl\/vxm\/wp-json\/wp\/v2\/pages\/7178","targetHints":{"allow":["GET"]}}],"collection":[{"href":"https:\/\/www.vxmventaspormayor.cl\/vxm\/wp-json\/wp\/v2\/pages"}],"about":[{"href":"https:\/\/www.vxmventaspormayor.cl\/vxm\/wp-json\/wp\/v2\/types\/page"}],"author":[{"embeddable":true,"href":"https:\/\/www.vxmventaspormayor.cl\/vxm\/wp-json\/wp\/v2\/users\/1"}],"replies":[{"embeddable":true,"href":"https:\/\/www.vxmventaspormayor.cl\/vxm\/wp-json\/wp\/v2\/comments?post=7178"}],"version-history":[{"count":3,"href":"https:\/\/www.vxmventaspormayor.cl\/vxm\/wp-json\/wp\/v2\/pages\/7178\/revisions"}],"predecessor-version":[{"id":7193,"href":"https:\/\/www.vxmventaspormayor.cl\/vxm\/wp-json\/wp\/v2\/pages\/7178\/revisions\/7193"}],"wp:attachment":[{"href":"https:\/\/www.vxmventaspormayor.cl\/vxm\/wp-json\/wp\/v2\/media?parent=7178"}],"curies":[{"name":"wp","href":"https:\/\/api.w.org\/{rel}","templated":true}]}}