{"id":7025,"date":"2022-10-08T00:40:29","date_gmt":"2022-10-08T00:40:29","guid":{"rendered":"https:\/\/vxmventaspormayor.cl\/vxm\/?page_id=7025"},"modified":"2022-10-08T00:41:58","modified_gmt":"2022-10-08T00:41:58","slug":"unase-a-nuestro-programa-de-afiliados","status":"publish","type":"page","link":"https:\/\/www.vxmventaspormayor.cl\/vxm\/unase-a-nuestro-programa-de-afiliados\/","title":{"rendered":"Unase a Nuestro Programa de afiliados"},"content":{"rendered":"<h2>Como Ganar dinero desde casa o aumentar mis ingresos?<\/h2>\n<p>&nbsp;<\/p>\n<p>&nbsp;<\/p>\n<h1><span style=\"color: #911bd1;\">Gana dinero por vender nuestros productos y aumenta tus ingresos,nosotros nos encargamos de los despachos y la gesti\u00f3n logistica.<\/span><\/h1>\n<p><span style=\"color: #ff6600;\">Gana 1000 cada uno de comosi\u00f3n por Productos de m\u00e1s valor\u00a0<\/span><\/p>\n<p><span style=\"color: #ff6600;\">y gana desde 100 pesos en productos de menor valor\u00a0<\/span><\/p>\n<h1><span style=\"color: #911bd1;\">solamente debes promocionar nuestros productos y ganaras dinero extra desde casa o como ingresos extra.<\/span><\/h1>\n<p>&nbsp;<\/p>\n<p>&nbsp;<\/p>\n<h1>Quienes pueden unirse ?<\/h1>\n<h2><span style=\"color: #000000;\">Personas que se manejen en marketing ,que tengan blog,que manejen redes sociales u otros canales de venta de productos,solo debes promocionar nuestros productos.<\/span><\/h2>\n<h2>El pago puede ser inmediatamente cerrada la venta o semanal.<\/h2>\n<p>&nbsp;<\/p>\n<h2><span style=\"color: #ff0000;\">Alunos perfiles Afiliados<\/span><\/h2>\n<p>&nbsp;<\/p>\n<p><img loading=\"lazy\" decoding=\"async\" class=\"alignnone wp-image-7026\" src=\"https:\/\/vxmventaspormayor.cl\/vxm\/wp-content\/uploads\/2022\/10\/como-ganar-dinero-extra-ganar-dinero-desde-casa-programas-de-afiliados-como-aumentar-ingresos.jpg\" alt=\"como ganar dinero desde casa,,mejor nicho para el marketing de afiliaci\u00f3n\" width=\"393\" height=\"281\" srcset=\"https:\/\/www.vxmventaspormayor.cl\/vxm\/wp-content\/uploads\/2022\/10\/como-ganar-dinero-extra-ganar-dinero-desde-casa-programas-de-afiliados-como-aumentar-ingresos.jpg 602w, https:\/\/www.vxmventaspormayor.cl\/vxm\/wp-content\/uploads\/2022\/10\/como-ganar-dinero-extra-ganar-dinero-desde-casa-programas-de-afiliados-como-aumentar-ingresos-300x214.jpg 300w, https:\/\/www.vxmventaspormayor.cl\/vxm\/wp-content\/uploads\/2022\/10\/como-ganar-dinero-extra-ganar-dinero-desde-casa-programas-de-afiliados-como-aumentar-ingresos-600x429.jpg 600w, https:\/\/www.vxmventaspormayor.cl\/vxm\/wp-content\/uploads\/2022\/10\/como-ganar-dinero-extra-ganar-dinero-desde-casa-programas-de-afiliados-como-aumentar-ingresos-48x34.jpg 48w\" sizes=\"auto, (max-width: 393px) 100vw, 393px\" \/><\/p>\n<p>Jhon es experto en marketing y usa sus habilidades comerciales para publicar nuestros productos se enfoca en empresas por lo tanto vende cantidades<\/p>\n<p>mayoristas por lo tanto gana desde 200.000 a 500.000 pesos de comisiones.<\/p>\n<p><img loading=\"lazy\" decoding=\"async\" class=\"alignnone wp-image-7027\" src=\"https:\/\/vxmventaspormayor.cl\/vxm\/wp-content\/uploads\/2022\/10\/como-ganar-dinero-extra-ganar-dinero-desde-casa-programas-de-afiliados-como-aumentar-ingresos-ganar-dinero-extra-ganar-dinero-casa-aumentar-ingresos.jpg\" alt=\"cual es el mejor nicho para marketing de afiliados,como ganar ingresos extra\" width=\"189\" height=\"284\" srcset=\"https:\/\/www.vxmventaspormayor.cl\/vxm\/wp-content\/uploads\/2022\/10\/como-ganar-dinero-extra-ganar-dinero-desde-casa-programas-de-afiliados-como-aumentar-ingresos-ganar-dinero-extra-ganar-dinero-casa-aumentar-ingresos.jpg 353w, https:\/\/www.vxmventaspormayor.cl\/vxm\/wp-content\/uploads\/2022\/10\/como-ganar-dinero-extra-ganar-dinero-desde-casa-programas-de-afiliados-como-aumentar-ingresos-ganar-dinero-extra-ganar-dinero-casa-aumentar-ingresos-200x300.jpg 200w, https:\/\/www.vxmventaspormayor.cl\/vxm\/wp-content\/uploads\/2022\/10\/como-ganar-dinero-extra-ganar-dinero-desde-casa-programas-de-afiliados-como-aumentar-ingresos-ganar-dinero-extra-ganar-dinero-casa-aumentar-ingresos-48x72.jpg 48w\" sizes=\"auto, (max-width: 189px) 100vw, 189px\" \/><\/p>\n<p>Cecilia es due\u00f1a de casa y promociona nuestros productos en redes Sociales ,instagram,y otras promocionando nuestros productos.<\/p>\n<p>y gana desde 100.000 Mensual.<\/p>\n<p><img loading=\"lazy\" decoding=\"async\" class=\"alignnone wp-image-7028\" src=\"https:\/\/vxmventaspormayor.cl\/vxm\/wp-content\/uploads\/2022\/10\/como-aumentar-ingresos-como-ganar-dinero-extra-como-ganar-dinero-desde-casa.jpg\" alt=\"formas de ganar dinero desde casa,formnas de ganar dinero extra\" width=\"430\" height=\"295\" srcset=\"https:\/\/www.vxmventaspormayor.cl\/vxm\/wp-content\/uploads\/2022\/10\/como-aumentar-ingresos-como-ganar-dinero-extra-como-ganar-dinero-desde-casa.jpg 588w, https:\/\/www.vxmventaspormayor.cl\/vxm\/wp-content\/uploads\/2022\/10\/como-aumentar-ingresos-como-ganar-dinero-extra-como-ganar-dinero-desde-casa-300x206.jpg 300w, https:\/\/www.vxmventaspormayor.cl\/vxm\/wp-content\/uploads\/2022\/10\/como-aumentar-ingresos-como-ganar-dinero-extra-como-ganar-dinero-desde-casa-48x33.jpg 48w\" sizes=\"auto, (max-width: 430px) 100vw, 430px\" \/><\/p>\n<p>Jovenes estudiantes ,expertos en redes Sociales que promocionan nuestros Productos,se enfocan en los productos de mayor valor,para comosi\u00f3n<\/p>\n<p>mas alta,varian desde 100.000.mensual hacia arriba<\/p>\n<p>&nbsp;<\/p>\n<p>&nbsp;<\/p>\n<h2>Mejor Nicho para el Marketing de afiliaci\u00f3n?<\/h2>\n<p>&nbsp;<\/p>\n","protected":false},"excerpt":{"rendered":"<p>Como Ganar dinero desde casa o aumentar mis ingresos? &nbsp; &nbsp; Gana dinero por vender nuestros productos y aumenta tus ingresos,nosotros nos encargamos de los despachos y la gesti\u00f3n logistica. Gana 1000 cada uno de comosi\u00f3n por Productos de m\u00e1s valor\u00a0 y gana desde 100 pesos en productos de menor valor\u00a0 solamente debes promocionar nuestros &hellip;<\/p>\n<p class=\"read-more\"> <a class=\" thunk-readmore button \" href=\"https:\/\/www.vxmventaspormayor.cl\/vxm\/unase-a-nuestro-programa-de-afiliados\/\"> <span class=\"screen-reader-text\">Unase a Nuestro Programa de afiliados<\/span>Leer m\u00e1s<\/a><\/p>\n","protected":false},"author":1,"featured_media":0,"parent":0,"menu_order":0,"comment_status":"closed","ping_status":"closed","template":"","meta":{"footnotes":""},"class_list":["post-7025","page","type-page","status-publish","hentry","thunk-woo-product-list","opn-qv-enable","top-store-woo-hover-zoom","top-store-single-product-tab-horizontal","top-store-shadow-","top-store-shadow-hover-"],"_links":{"self":[{"href":"https:\/\/www.vxmventaspormayor.cl\/vxm\/wp-json\/wp\/v2\/pages\/7025","targetHints":{"allow":["GET"]}}],"collection":[{"href":"https:\/\/www.vxmventaspormayor.cl\/vxm\/wp-json\/wp\/v2\/pages"}],"about":[{"href":"https:\/\/www.vxmventaspormayor.cl\/vxm\/wp-json\/wp\/v2\/types\/page"}],"author":[{"embeddable":true,"href":"https:\/\/www.vxmventaspormayor.cl\/vxm\/wp-json\/wp\/v2\/users\/1"}],"replies":[{"embeddable":true,"href":"https:\/\/www.vxmventaspormayor.cl\/vxm\/wp-json\/wp\/v2\/comments?post=7025"}],"version-history":[{"count":3,"href":"https:\/\/www.vxmventaspormayor.cl\/vxm\/wp-json\/wp\/v2\/pages\/7025\/revisions"}],"predecessor-version":[{"id":7035,"href":"https:\/\/www.vxmventaspormayor.cl\/vxm\/wp-json\/wp\/v2\/pages\/7025\/revisions\/7035"}],"wp:attachment":[{"href":"https:\/\/www.vxmventaspormayor.cl\/vxm\/wp-json\/wp\/v2\/media?parent=7025"}],"curies":[{"name":"wp","href":"https:\/\/api.w.org\/{rel}","templated":true}]}}