{"id":6458,"date":"2022-07-07T01:27:00","date_gmt":"2022-07-07T01:27:00","guid":{"rendered":"https:\/\/vxmventaspormayor.cl\/vxm\/?page_id=6458"},"modified":"2022-07-10T00:28:31","modified_gmt":"2022-07-10T00:28:31","slug":"fidelizacion-de-clientes","status":"publish","type":"page","link":"https:\/\/www.vxmventaspormayor.cl\/vxm\/fidelizacion-de-clientes\/","title":{"rendered":"Fidelizaci\u00f3n de Clientes"},"content":{"rendered":"<h1 style=\"text-align: left;\"><span style=\"font-family: 'Arial Black', 'Avant Garde';\">Regalos Corporativos que har\u00e1n<\/span><\/h1>\n<h1 style=\"text-align: left;\"><span style=\"font-family: 'Arial Black', 'Avant Garde';\"> que tu negocio y empresa Crezca<\/span><\/h1>\n<p>&nbsp;<\/p>\n<h2><\/h2>\n<h2><span style=\"color: #000000; font-family: 'Times New Roman', Times;\">\u00a0En las empresas y en los negocios tanto grandes ,medianos y peque\u00f1os se trata de construir relaciones ,idealmente a largo plazo ,aunque tengamos clientes que alomejor puedan ser a corto plazo por ahora\u00a1\u00a1\u00a1 nadie te dice que mas adelante ese cliente se convierte en un embajador de tu marca tanto como por recomendaci\u00f3n o por que te vuelve a comprar alomejor en un tiempo m\u00e1s.<\/span><\/h2>\n<p><img loading=\"lazy\" decoding=\"async\" class=\"alignnone size-full wp-image-6491\" src=\"https:\/\/vxmventaspormayor.cl\/vxm\/wp-content\/uploads\/2022\/07\/regalos-corporativosregalos-publicitariosregalos-para-empresas-al-por-mayortregalos-para-empresasregalos-empresarialesregalos-corporativos-originales.jpg\" alt=\"regalos para empresas, regalos corporativos\" width=\"811\" height=\"541\" srcset=\"https:\/\/www.vxmventaspormayor.cl\/vxm\/wp-content\/uploads\/2022\/07\/regalos-corporativosregalos-publicitariosregalos-para-empresas-al-por-mayortregalos-para-empresasregalos-empresarialesregalos-corporativos-originales.jpg 811w, https:\/\/www.vxmventaspormayor.cl\/vxm\/wp-content\/uploads\/2022\/07\/regalos-corporativosregalos-publicitariosregalos-para-empresas-al-por-mayortregalos-para-empresasregalos-empresarialesregalos-corporativos-originales-300x200.jpg 300w, https:\/\/www.vxmventaspormayor.cl\/vxm\/wp-content\/uploads\/2022\/07\/regalos-corporativosregalos-publicitariosregalos-para-empresas-al-por-mayortregalos-para-empresasregalos-empresarialesregalos-corporativos-originales-768x512.jpg 768w, https:\/\/www.vxmventaspormayor.cl\/vxm\/wp-content\/uploads\/2022\/07\/regalos-corporativosregalos-publicitariosregalos-para-empresas-al-por-mayortregalos-para-empresasregalos-empresarialesregalos-corporativos-originales-600x400.jpg 600w, https:\/\/www.vxmventaspormayor.cl\/vxm\/wp-content\/uploads\/2022\/07\/regalos-corporativosregalos-publicitariosregalos-para-empresas-al-por-mayortregalos-para-empresasregalos-empresarialesregalos-corporativos-originales-48x32.jpg 48w\" sizes=\"(max-width: 811px) 100vw, 811px\" \/><\/p>\n<p>&nbsp;<\/p>\n<p>&nbsp;<\/p>\n<p>&nbsp;<\/p>\n<p><span style=\"font-family: 'Andale Mono', Times;\"><!--more--><span style=\"font-family: Arial, Helvetica, sans-serif; font-size: 14pt;\">Los regalos corporativos son un acto en el cual deben ser usados para agradecer la fidelizaci\u00f3n de los clientes de una empresa demostraci\u00f3n de cuanto los valoramos y no solo a los clientes tambi\u00e9n al equipo de trabajo, se pueden usar como motivadores .<\/span><\/span><\/p>\n<h4><span style=\"font-family: Arial, Helvetica, sans-serif; font-size: 14pt;\"><!--more--><\/span><\/h4>\n<h4><span style=\"font-weight: 400; font-family: Arial, Helvetica, sans-serif; font-size: 14pt;\">Las Empresas y Negocios Crecen\u00a0 gracias a la lealtad de los clientes, el Compromiso de los trabajadores y la productividad de los equipos y las buenas relaciones y tratos con socios y proveedores.<\/span><\/h4>\n<p><span style=\"font-family: Arial, Helvetica, sans-serif; font-size: 14pt;\"><!--more--><\/span><\/p>\n<h4><span style=\"font-weight: 400; font-family: Arial, Helvetica, sans-serif; font-size: 14pt;\">Es muy importante cuidar cada una de estas \u00e1reas, motivando la productividad y los ambientes de trabajo agradables y demostrando nuestro aprecio y agradecimiento a nuestros clientes y tambi\u00e9n recompensas a los trabajadores y regalos motivadores.<\/span><\/h4>\n<p>&nbsp;<\/p>\n<h4><span style=\"color: #000000; font-family: Arial, Helvetica, sans-serif; font-size: 14pt;\"><span style=\"font-weight: 400;\">Junto a sus estrategias comerciales uno de los factores importantes para el \u00e9xito a largo plazo es la fidelizaci\u00f3n de los clientes y la retenci\u00f3n de los talentos y el compromiso con los valores fundamentales. Los compradores de hoy y los trabajadores valoran a las empresas que se preocupan por las personas ,su desarrollo y quieren ayudarlas y contribuir a sus logros una empresa con coraz\u00f3n.<\/span><\/span><\/h4>\n<p>&nbsp;<\/p>\n<p>&nbsp;<\/p>\n<h2><span style=\"font-family: Arial, Helvetica, sans-serif; font-size: 14pt;\"><span style=\"font-weight: 400;\">Una cultura en<\/span><span style=\"font-weight: 400;\"> l<\/span><span style=\"font-weight: 400;\">a<\/span><span style=\"font-weight: 400;\"> empresa de desarrollo ,apoyo y de aprecio hacia los trabajadores y sus clientes ,acompa\u00f1ado de\u00a0 una muestra de gratitud contribuye en gran medida a fortalecer los lazos, y los regalos corporativos han sido una pr\u00e1ctica d<\/span><span style=\"font-weight: 400;\">esde hace mucho tiempo para aumentar la productividad, fortalecer\u00a0 los lazos con los clientes ,equipos y proveedores y lograr una conexi\u00f3n emocional.<\/span><\/span><\/h2>\n<p><!--more--><\/p>\n<p>&nbsp;<\/p>\n<h3><span style=\"font-weight: 400; font-family: Arial, Helvetica, sans-serif;\">Comprender los beneficios de los regalos\u00a0 corporativos ayuda a las empresas a planificar una estrategia efectiva de afectos y lazos emocionales de regalos corporativos que ayudar\u00e1 a que su negocio y empresa\u00a0 crezca.<\/span><\/h3>\n<p>&nbsp;<\/p>\n<p>&nbsp;<\/p>\n<p><!--more--><\/p>\n<h2><span style=\"color: #000000; font-family: 'Times New Roman', Times;\">Toda Empresa debe contar con alguna estrategia de retenci\u00f3n de clientes y m\u00e1s aun una estrategia de logro de afectos y creaci\u00f3n de lazos emocionales tanto de los clientes , trabajadores, y Proveedores todos ellos son parte muy importante para la empresa.<\/span><\/h2>\n<p>&nbsp;<\/p>\n<p>&nbsp;<\/p>\n<p><span style=\"font-family: Arial, Helvetica, sans-serif; font-size: 14pt;\">En este link podr\u00e1s encontrar 3 beneficios que plantea Entel de regalos Corporativos<\/span><\/p>\n<p><a href=\"https:\/\/ce.entel.cl\/pymes\/marketing-y-ventas\/articulos\/3-beneficios-regalos-corporativos-pymes\/\" target=\"_blank\" rel=\"noopener\">https:\/\/ce.entel.cl\/pymes\/marketing-y-ventas\/articulos\/3-beneficios-regalos-corporativos-pymes\/<\/a><\/p>\n<p>&nbsp;<\/p>\n<p>&nbsp;<\/p>\n<h3><span style=\"font-family: 'Times New Roman', Times; font-size: 18pt;\">Pero la verdad hay muchos m\u00e1s\u00a1\u00a1\u00a1<\/span><\/h3>\n<p>&nbsp;<\/p>\n<h2><span style=\"color: #ff0000; font-family: 'Arial Black', 'Avant Garde';\"><span style=\"color: #000000;\">La gu\u00eda de 6 Pasos para hacer crecer tu negocio y desarrollar una estrategia de afectos y lazos a largo plazo con tus clientes que tambi\u00e9n podr\u00e1s usar para tu equipo y trabajadores.<\/span><\/span><\/h2>\n<p>&nbsp;<\/p>\n<p>&nbsp;<\/p>\n<h2><span style=\"font-weight: 400; font-family: 'Arial Black', 'Avant Garde';\">Paso 1\u00a0 \u00a0Conocer a nuestro cliente uno por uno,<\/span><\/h2>\n<h2><span style=\"font-weight: 400; font-family: 'Arial Black', 'Avant Garde';\">a sus trabajadores y proveedores.<\/span><\/h2>\n<p>&nbsp;<\/p>\n<p><span style=\"font-weight: 400;\">Recuerda que los clientes son todos diferentes ,si los clientes de la empresa son a largo plazo y ya los conocemos es muy importante usar los datos para descubrir el regalo adecuado para \u00e9l, si es un cliente nuevo y tenemos algunos datos podemos\u00a0 con el an\u00e1lisis de redes e im\u00e1genes descubrir en redes sociales a que es aficionado(a) y que le gusta, si tiene hijos o no, si le gusta viajar ,si tiene otros negocios etc<\/span><\/p>\n<p>&nbsp;<\/p>\n<p><span style=\"font-weight: 400;\">Los productos son cada vez m\u00e1s parecidos ,las empresas deben diferenciarse de alguna manera y la atenci\u00f3n al cliente ,la preocupaci\u00f3n por los clientes, un ambiente positivo en el entorno laboral una cultura preocupada por sus trabajadores en la cual puedan desarrollarse de manera \u00f3ptima, traer\u00e1 muchos beneficios y aumentar\u00e1 la rentabilidad.<\/span><\/p>\n<p>&nbsp;<\/p>\n<p><span style=\"font-weight: 400;\">A quien no le gusta que lo atiendan bien, y lo traten bien, sorprender con eso, en ocasiones vamos a un restaurant y a lo mejor la comida no es tan buena pero la atenci\u00f3n es maravillosa y volver\u00edamos.<\/span><\/p>\n<p><span style=\"font-weight: 400;\">Seg\u00fan encuestas realizadas en algunas empresas aprox el 80 % de las personas volver\u00eda a comprar si lo atienden bien, es muy importante que las empresas realicen encuestas ,estas no revelar\u00e1n datos claves de nuestros clientes, la respuesta de estas encuestas tambi\u00e9n pueden ser recompensadas con alg\u00fan regalo corporativo<\/span><\/p>\n<p>&nbsp;<\/p>\n<p><span style=\"font-weight: 400;\">Aqu\u00ed te dejamos algunos tips de hubspot para encuestas y plantillas<\/span><\/p>\n<p><a href=\"https:\/\/blog.hubspot.es\/service\/encuesta-satisfaccion-cliente\" target=\"_blank\" rel=\"noopener\">https:\/\/blog.hubspot.es\/service\/encuesta-satisfaccion-cliente<\/a><\/p>\n<p>&nbsp;<\/p>\n<p><span style=\"font-family: 'Arial Black', 'Avant Garde'; font-size: 14pt;\"><span style=\"font-size: 18pt;\">Paso 2\u00a0 Definir a nuestros clientes<\/span>\u00a0<\/span><\/p>\n<p>&nbsp;<\/p>\n<p><span style=\"font-weight: 400;\">Es muy importante definir para qui\u00e9n ser\u00e1 el Regalo Corporativo o si este regalo es con alg\u00fan fin .<\/span><\/p>\n<p><span style=\"font-weight: 400;\">\u00bfEs un cliente a largo plazo ? Si es un cliente a largo plazo es muy importante que el regalo sea del nivel de este .<\/span><\/p>\n<p><span style=\"font-weight: 400;\">Si es un cliente que a comprado poco ,pero compra a lo largo del tiempo, si es un cliente que compra poco o consume poco pero es frecuente, o es un cliente que simplemente cotiza ,pero que nos ha recomendado.\u00a0<\/span><\/p>\n<p><span style=\"font-weight: 400;\">\u00bfEs para un trabajador ? \u00bfEs una recompensa a alg\u00fan trabajador? es un regalo masivo de merchandising ?,el regalo se usar\u00e1 como motivador? , es muy importante realizarnos todas estas preguntas para poder definir el objetivo del regalo y cu\u00e1l ser\u00e1 este y como lo podemos elegir.<\/span><\/p>\n<p>&nbsp;<\/p>\n<p><span style=\"font-size: 18pt;\"><span style=\"font-family: 'Arial Black', 'Avant Garde';\">Paso 3 <\/span><b>Impulsar la productividad de los trabajadores<\/b><\/span><\/p>\n<p><span style=\"font-size: 18pt;\"><b> y aumentar la motivaci\u00f3n por logros .<\/b><\/span><\/p>\n<p><span style=\"font-weight: 400;\">Los regalos corporativos son una forma inteligente de demostrar agradecimiento a los trabajadores , por su trabajo productivo y su contribuci\u00f3n ,adem\u00e1s los regalos corporativos difundir\u00e1n positividad, alegr\u00edas y dar\u00e1n la motivaci\u00f3n necesaria para lograr objetivos y metas.<\/span><\/p>\n<p><span style=\"font-weight: 400;\">Es muy importante que en caso de metas y logros por proyecto etc el regalo corporativo sea realmente motivador ,que sea igualable al esfuerzo realizado para que est\u00e9 realmente cumpla el objetivo ,ya que de lo contrario puede resultar como desmotivador y resto no ser\u00e1 beneficioso a la empresa. en cuanto a la rentabilidad.<\/span><\/p>\n<p><span style=\"font-weight: 400;\">Mantener a los trabajadores como parte de una empresa demostr\u00e1ndoles que realmente son importantes\u00a0 es crucial\u00a0 darles un regalo personalizado les recordar\u00eda que son una parte invaluable de su marca y fomentar\u00eda el desarrollo personal y profesional y de productividad y disposici\u00f3n.<\/span><\/p>\n<p>La motivaci\u00f3n requiere preocupaci\u00f3n y cari\u00f1o.<\/p>\n<p>&nbsp;<\/p>\n<p><span style=\"font-family: 'Arial Black', 'Avant Garde'; font-size: 18pt;\">Paso 4\u00a0 Expresar la gratitud<\/span><\/p>\n<p><span style=\"font-weight: 400;\">Los regalos corporativos son una de las mejores formas de agradecer a tus empleados y clientes por confiar en la empresa, agradecimiento a sus empleados por su constancia y eficiencia\u00a0 un obsequio personalizado los har\u00e1 felices y satisfechos en el lugar de trabajo.<\/span><\/p>\n<p>&nbsp;<\/p>\n<p>&nbsp;<\/p>\n<p><span style=\"font-family: 'Arial Black', 'Avant Garde'; font-size: 18pt;\">Paso 5\u00a0 Agradecimiento y recomendaci\u00f3n.<\/span><\/p>\n<p><span style=\"font-weight: 400;\">Las empresas se benefician significativamente del boca a boca y la recomendaci\u00f3n . Cuanta m\u00e1s gente hable de tu marca, cuanta m\u00e1s gente te recomiende\u00a0 mas nuevos clientes llegar\u00e1n, los regalos corporativos son una de las formas m\u00e1s efectivas de elevar su reputaci\u00f3n y mantenerse en la mente\u00a0 de las personas bien posicionados<\/span><\/p>\n<p><span style=\"font-weight: 400;\">Los regalos corporativos demuestran el cuidado y la atenci\u00f3n que presta a los gustos y preferencias de las personas, lo que lo convierte en una empresa comercial que crea lazos y se preocupa por los dem\u00e1s ,todo esto aumentar\u00e1 el modelo boca a boca de manera positiva y el aumento de los clientes.<\/span><\/p>\n<p>&nbsp;<\/p>\n<h2><span style=\"font-family: 'Arial Black', 'Avant Garde'; font-size: 18pt;\">Paso 6\u00a0 Mejorar las relaciones con los clientes y trabajadores<\/span><\/h2>\n<p><span style=\"font-weight: 400;\">El desarrollo de relaciones a largo plazo , m\u00e1s cercanas y duraderas con los clientes fomentar\u00e1 el crecimiento a largo plazo y aumentar\u00e1 el valor de por vida del cliente. Los regalos corporativos seleccionados y personalizados ayudan a construir nuevas relaciones y fortalecer las antiguas.<\/span><\/p>\n<p><span style=\"font-weight: 400;\">Los regalos corporativos y regalos publicitarios son una muy buena manera tambi\u00e9n de retener los talentos en su empresa qu\u00e9 es tan importante de cuidar.<\/span><\/p>\n<p>&nbsp;<\/p>\n<p><span style=\"font-weight: 400;\">La planificaci\u00f3n de una estrategia eficaz de regalos corporativos significa organizar los presupuestos, los regalos simples pero pr\u00e1cticos tienen la mejor usabilidad y una alta tasa de respuesta. Para que a tus empleados y a tus clientes les agrade el regalo corporativo no tiene por qu\u00e9 ser caro, solo tiene que ser relevante. Solo cuando a los clientes y trabajadores les guste el regalo\u00a0 disfrutar\u00e1n de un mejor recuerdo de la marca.<\/span><\/p>\n<p><span style=\"font-weight: 400;\">\u00bfQu\u00e9 pasa si le decimos que hay una manera de encontrar el regalo adecuado para su Empresa y sus Clientes? S\u00ed, a trav\u00e9s de VXM regalos corporativos\u00a0 que puede ayudarlo a encontrar un regalo ideal para cada uno de sus clientes y segmentos desde la selecci\u00f3n de los regalos ,personalizaci\u00f3n hasta garantizar la entrega.<\/span><\/p>\n<p>&nbsp;<\/p>\n<h2><span style=\"font-weight: 400; font-family: 'Arial Black', 'Avant Garde'; font-size: 18pt;\">11\u00a0 Beneficios de los regalos Corporativos<\/span><\/h2>\n<p>&nbsp;<\/p>\n<p>&nbsp;<\/p>\n<ul>\n<li style=\"font-weight: 400;\" aria-level=\"1\"><span style=\"font-weight: 400; font-family: 'Times New Roman', Times; font-size: 18pt; color: #000000;\">Relaciones p\u00fablicas y buena voluntad<\/span><\/li>\n<li style=\"font-weight: 400;\" aria-level=\"1\"><span style=\"font-weight: 400; font-family: 'Times New Roman', Times; font-size: 18pt; color: #000000;\">Retenci\u00f3n y apreciaci\u00f3n de clientes<\/span><\/li>\n<li style=\"font-weight: 400;\" aria-level=\"1\"><span style=\"font-weight: 400; font-family: 'Times New Roman', Times; font-size: 18pt; color: #000000;\">Generar ventas y referencias boca a boca\u00a0<\/span><\/li>\n<li style=\"font-weight: 400;\" aria-level=\"1\"><span style=\"font-weight: 400; font-family: 'Times New Roman', Times; font-size: 18pt; color: #000000;\">identidad de marca<\/span><\/li>\n<li style=\"font-weight: 400;\" aria-level=\"1\"><span style=\"font-weight: 400; font-family: 'Times New Roman', Times; font-size: 18pt; color: #000000;\">Motivaci\u00f3n a los trabajadores<\/span><\/li>\n<li style=\"font-weight: 400;\" aria-level=\"1\"><span style=\"font-weight: 400; font-family: 'Times New Roman', Times; font-size: 18pt; color: #000000;\">Introducci\u00f3n de nuevos producto y Cross selling<\/span><\/li>\n<li style=\"font-weight: 400;\" aria-level=\"1\"><span style=\"font-weight: 400; font-family: 'Times New Roman', Times; font-size: 18pt; color: #000000;\">Motivar comportamientos y programas de incentivos, metas proyectos<\/span><\/li>\n<li style=\"font-weight: 400;\" aria-level=\"1\"><span style=\"font-weight: 400; font-family: 'Times New Roman', Times; font-size: 18pt; color: #000000;\">Adquisici\u00f3n de nuevos clientes<\/span><\/li>\n<li style=\"font-weight: 400;\" aria-level=\"1\"><span style=\"font-weight: 400; font-family: 'Times New Roman', Times; font-size: 18pt; color: #000000;\">Conocer a los clientes<\/span><\/li>\n<li style=\"font-weight: 400;\" aria-level=\"1\"><span style=\"font-weight: 400; font-family: 'Times New Roman', Times; font-size: 18pt; color: #000000;\">Generar relaciones a largo plazo<\/span><\/li>\n<li style=\"font-weight: 400;\" aria-level=\"1\"><span style=\"font-weight: 400; font-family: 'Times New Roman', Times; font-size: 18pt; color: #000000;\">Creaci\u00f3n de ambientes laborales positivos.<\/span><\/li>\n<\/ul>\n<p>&nbsp;<\/p>\n<p>&nbsp;<\/p>\n<p>Contenido creado por Marketingplans\u00a0 www.marketingplans.cl<\/p>\n<p>&nbsp;<\/p>\n<p>&nbsp;<\/p>\n<p>&nbsp;<\/p>\n<p>&nbsp;<\/p>\n<p>&nbsp;<\/p>\n<p>&nbsp;<\/p>\n<p>&nbsp;<\/p>\n<p>&nbsp;<\/p>\n<p>&nbsp;<\/p>\n","protected":false},"excerpt":{"rendered":"<p>Regalos Corporativos que har\u00e1n que tu negocio y empresa Crezca &nbsp; \u00a0En las empresas y en los negocios tanto grandes ,medianos y peque\u00f1os se trata de construir relaciones ,idealmente a largo plazo ,aunque tengamos clientes que alomejor puedan ser a corto plazo por ahora\u00a1\u00a1\u00a1 nadie te dice que mas adelante ese cliente se convierte en &hellip;<\/p>\n<p class=\"read-more\"> <a class=\" thunk-readmore button \" href=\"https:\/\/www.vxmventaspormayor.cl\/vxm\/fidelizacion-de-clientes\/\"> <span class=\"screen-reader-text\">Fidelizaci\u00f3n de Clientes<\/span>Leer m\u00e1s<\/a><\/p>\n","protected":false},"author":1,"featured_media":0,"parent":0,"menu_order":0,"comment_status":"closed","ping_status":"closed","template":"","meta":{"footnotes":""},"class_list":["post-6458","page","type-page","status-publish","hentry","thunk-woo-product-list","opn-qv-enable","top-store-woo-hover-zoom","top-store-single-product-tab-horizontal","top-store-shadow-","top-store-shadow-hover-"],"_links":{"self":[{"href":"https:\/\/www.vxmventaspormayor.cl\/vxm\/wp-json\/wp\/v2\/pages\/6458"}],"collection":[{"href":"https:\/\/www.vxmventaspormayor.cl\/vxm\/wp-json\/wp\/v2\/pages"}],"about":[{"href":"https:\/\/www.vxmventaspormayor.cl\/vxm\/wp-json\/wp\/v2\/types\/page"}],"author":[{"embeddable":true,"href":"https:\/\/www.vxmventaspormayor.cl\/vxm\/wp-json\/wp\/v2\/users\/1"}],"replies":[{"embeddable":true,"href":"https:\/\/www.vxmventaspormayor.cl\/vxm\/wp-json\/wp\/v2\/comments?post=6458"}],"version-history":[{"count":26,"href":"https:\/\/www.vxmventaspormayor.cl\/vxm\/wp-json\/wp\/v2\/pages\/6458\/revisions"}],"predecessor-version":[{"id":6495,"href":"https:\/\/www.vxmventaspormayor.cl\/vxm\/wp-json\/wp\/v2\/pages\/6458\/revisions\/6495"}],"wp:attachment":[{"href":"https:\/\/www.vxmventaspormayor.cl\/vxm\/wp-json\/wp\/v2\/media?parent=6458"}],"curies":[{"name":"wp","href":"https:\/\/api.w.org\/{rel}","templated":true}]}}