{"id":562,"date":"2015-06-13T04:11:39","date_gmt":"2015-06-13T04:11:39","guid":{"rendered":"http:\/\/vxmventaspormayor.cl\/vxm\/?page_id=562"},"modified":"2025-02-22T23:20:04","modified_gmt":"2025-02-22T23:20:04","slug":"contacto-vxm","status":"publish","type":"page","link":"https:\/\/www.vxmventaspormayor.cl\/vxm\/contacto-vxm\/","title":{"rendered":"Contacto VXM \/ Cotizaciones y Atenci\u00f3n para Mayoristas"},"content":{"rendered":"<p data-start=\"34\" data-end=\"311\">Contacto VXM Escribenos para cotizar productos personalizados al por mayor. Ofrecemos asesor\u00eda especializada en regalos corporativos, merchandising y m\u00e1s. \ud83d\udce9 Escr\u00edbenos a <a rel=\"noopener\" data-start=\"196\" data-end=\"265\">contacto@vxmventaspormayor.cl<\/a> y recibe atenci\u00f3n personalizada .<\/p>\n<p data-start=\"313\" data-end=\"418\">D\u00e9janos tu mensaje y dinos c\u00f3mo prefieres que te contactemos: llamada telef\u00f3nica, correo o WhatsApp.<\/p>\n<h3><img loading=\"lazy\" decoding=\"async\" class=\"wp-image-8043 aligncenter\" src=\"https:\/\/vxmventaspormayor.cl\/vxm\/wp-content\/uploads\/2025\/02\/regalos-corporativos.jpg\" alt=\"regalos corporativos\" width=\"101\" height=\"99\" srcset=\"https:\/\/www.vxmventaspormayor.cl\/vxm\/wp-content\/uploads\/2025\/02\/regalos-corporativos.jpg 458w, https:\/\/www.vxmventaspormayor.cl\/vxm\/wp-content\/uploads\/2025\/02\/regalos-corporativos-300x293.jpg 300w, https:\/\/www.vxmventaspormayor.cl\/vxm\/wp-content\/uploads\/2025\/02\/regalos-corporativos-48x47.jpg 48w\" sizes=\"(max-width: 101px) 100vw, 101px\" \/><\/h3>\n<p>[wpforms id=\u00bb8338&#8243; title=\u00bbfalse\u00bb]<\/p>\n<h3 data-start=\"157\" data-end=\"205\"><strong data-start=\"161\" data-end=\"205\">Cont\u00e1ctanos para Cotizaciones y Asesor\u00eda<\/strong><\/h3>\n<p data-start=\"206\" data-end=\"493\">En <strong data-start=\"209\" data-end=\"233\">VXM Ventas por Mayor<\/strong>, estamos listos para asesorarte en la elecci\u00f3n de <strong data-start=\"284\" data-end=\"362\">regalos corporativos, merchandising empresarial y productos personalizados<\/strong>. Nuestro equipo te brindar\u00e1 atenci\u00f3n personalizada para resolver tus dudas y ayudarte a encontrar la mejor opci\u00f3n para tu empresa.<\/p>\n<hr data-start=\"495\" data-end=\"498\" \/>\n<h3 data-start=\"500\" data-end=\"527\"><strong data-start=\"504\" data-end=\"527\">\ud83d\udcde Contacto Directo<\/strong><\/h3>\n<p data-start=\"528\" data-end=\"547\">\ud83d\udccc <strong data-start=\"531\" data-end=\"545\">Tel\u00e9fonos:<\/strong><\/p>\n<ul data-start=\"548\" data-end=\"669\">\n<li data-start=\"548\" data-end=\"628\">\ud83d\udcf2 <strong data-start=\"553\" data-end=\"577\">WhatsApp y llamadas:<\/strong> <a href=\"https:\/\/wa.me\/56996569117\" target=\"_new\" rel=\"noopener\" data-start=\"578\" data-end=\"626\"><strong data-start=\"579\" data-end=\"598\">+56 9 9656 9117<\/strong><\/a><\/li>\n<li data-start=\"629\" data-end=\"669\">\ud83d\udcf2 whatsapp<strong data-start=\"634\" data-end=\"647\">:<\/strong> <strong data-start=\"648\" data-end=\"667\">+56 9 4489 3009<\/strong><\/li>\n<\/ul>\n<p data-start=\"671\" data-end=\"789\">\ud83d\udccc <strong data-start=\"674\" data-end=\"697\">Correo Electr\u00f3nico:<\/strong><br data-start=\"697\" data-end=\"700\" \/>\u2709\ufe0f <strong data-start=\"703\" data-end=\"713\">Email:<\/strong> <a rel=\"noopener\" data-start=\"714\" data-end=\"787\"><strong data-start=\"715\" data-end=\"748\">contacto@vxmventaspormayor.cl<\/strong><\/a><\/p>\n<p data-start=\"791\" data-end=\"868\">\ud83d\udccc <strong data-start=\"794\" data-end=\"818\">Direcci\u00f3n Comercial:<\/strong><br data-start=\"818\" data-end=\"821\" \/>\ud83d\udccd Santiago, Chile \u2013 Providencia Tiendas <strong data-start=\"842\" data-end=\"866\">Atenci\u00f3n solo online<\/strong><\/p>\n<p data-start=\"870\" data-end=\"1017\">\ud83d\udccc <strong data-start=\"873\" data-end=\"897\">Horario de Atenci\u00f3n:<\/strong><br data-start=\"897\" data-end=\"900\" \/>\ud83d\udd58 <strong data-start=\"903\" data-end=\"923\">Lunes a Viernes:<\/strong> 9:00 AM &#8211; 6:00 PM<br data-start=\"941\" data-end=\"944\" \/>\ud83d\udd58 <strong data-start=\"947\" data-end=\"959\">S\u00e1bados:<\/strong> 9:00 AM &#8211; 2:00 PM<br data-start=\"977\" data-end=\"980\" \/>\ud83d\udcf4 <strong data-start=\"983\" data-end=\"1007\">Domingos y festivos:<\/strong> Cerrado<\/p>\n<hr data-start=\"1198\" data-end=\"1201\" \/>\n<h3 data-start=\"1203\" data-end=\"1246\"><strong data-start=\"1207\" data-end=\"1246\">\ud83d\udcbc Atenci\u00f3n a Empresas y Mayoristas<\/strong><\/h3>\n<p data-start=\"1247\" data-end=\"1449\">Si necesitas <strong data-start=\"1260\" data-end=\"1305\">comprar regalos corporativos al por mayor<\/strong>, trabajamos con <strong data-start=\"1322\" data-end=\"1344\">precios especiales<\/strong> y personalizaci\u00f3n de productos. Cont\u00e1ctanos para recibir una <strong data-start=\"1406\" data-end=\"1446\">cotizaci\u00f3n exclusiva para tu empresa<\/strong>.<\/p>\n<p data-start=\"1451\" data-end=\"1531\">\ud83d\udd39 <em data-start=\"1454\" data-end=\"1529\">Trabajamos con peque\u00f1as ,medianas y grandes empresas, en todo Chile.<\/em><\/p>\n<h3 data-start=\"566\" data-end=\"1012\"><strong data-start=\"569\" data-end=\"609\">\u00bfEres un intermediario?<\/strong><\/h3>\n<h4 data-start=\"566\" data-end=\"1012\">Sabemos lo importante que es ofrecer productos innovadores y originales a tus clientes. Por eso, en <strong data-start=\"698\" data-end=\"722\">VXM Ventas por Mayor<\/strong> tambi\u00e9n trabajamos con <strong data-start=\"746\" data-end=\"779\">intermediarios <\/strong>, ofreci\u00e9ndoles:<br data-start=\"795\" data-end=\"798\" \/>\u2705 <strong data-start=\"800\" data-end=\"838\">Precios competitivos para reventa.<\/strong><br data-start=\"838\" data-end=\"841\" \/>\u2705 <strong data-start=\"843\" data-end=\"900\">Variedad de productos personalizables con y sin logo.<\/strong><br data-start=\"900\" data-end=\"903\" \/>\u2705 <strong data-start=\"905\" data-end=\"969\">Asesor\u00eda para elegir los mejores art\u00edculos seg\u00fan tu mercado.<\/strong><br data-start=\"969\" data-end=\"972\" \/>\u2705 <strong data-start=\"974\" data-end=\"1010\">Atenci\u00f3n r\u00e1pida y personalizada.<\/strong><\/h4>\n<p data-start=\"1014\" data-end=\"1219\">\ud83d\udccc <em data-start=\"1017\" data-end=\"1217\">Si tienes una tienda online, f\u00edsica o simplemente deseas emprender en la venta de regalos corporativos, cont\u00e1ctanos para conocer nuestras condiciones especiales para distribuidores e intermediarios.<\/em><\/p>\n<hr data-start=\"1533\" data-end=\"1536\" \/>\n<h3 data-start=\"1538\" data-end=\"1563\"><strong data-start=\"1542\" data-end=\"1563\">\ud83d\udccd Redes Sociales<\/strong><\/h3>\n<p data-start=\"1564\" data-end=\"1646\">S\u00edguenos en nuestras redes para ver nuestras novedades y productos en tendencia.<\/p>\n<h4><\/h4>\n<h4><\/h4>\n","protected":false},"excerpt":{"rendered":"<p>Contacto VXM Escribenos para cotizar productos personalizados al por mayor. Ofrecemos asesor\u00eda especializada en regalos corporativos, merchandising y m\u00e1s. \ud83d\udce9 Escr\u00edbenos a contacto@vxmventaspormayor.cl y recibe atenci\u00f3n personalizada . D\u00e9janos tu mensaje y dinos c\u00f3mo prefieres que te contactemos: llamada telef\u00f3nica, correo o WhatsApp. [wpforms id=\u00bb8338&#8243; title=\u00bbfalse\u00bb] Cont\u00e1ctanos para Cotizaciones y Asesor\u00eda En VXM Ventas por &hellip;<\/p>\n<p class=\"read-more\"> <a class=\" thunk-readmore button \" href=\"https:\/\/www.vxmventaspormayor.cl\/vxm\/contacto-vxm\/\"> <span class=\"screen-reader-text\">Contacto VXM \/ Cotizaciones y Atenci\u00f3n para Mayoristas<\/span>Leer m\u00e1s<\/a><\/p>\n","protected":false},"author":1,"featured_media":0,"parent":0,"menu_order":0,"comment_status":"closed","ping_status":"closed","template":"","meta":{"footnotes":""},"class_list":["post-562","page","type-page","status-publish","hentry","thunk-woo-product-list","opn-qv-enable","top-store-woo-hover-zoom","top-store-single-product-tab-horizontal","top-store-shadow-","top-store-shadow-hover-"],"_links":{"self":[{"href":"https:\/\/www.vxmventaspormayor.cl\/vxm\/wp-json\/wp\/v2\/pages\/562"}],"collection":[{"href":"https:\/\/www.vxmventaspormayor.cl\/vxm\/wp-json\/wp\/v2\/pages"}],"about":[{"href":"https:\/\/www.vxmventaspormayor.cl\/vxm\/wp-json\/wp\/v2\/types\/page"}],"author":[{"embeddable":true,"href":"https:\/\/www.vxmventaspormayor.cl\/vxm\/wp-json\/wp\/v2\/users\/1"}],"replies":[{"embeddable":true,"href":"https:\/\/www.vxmventaspormayor.cl\/vxm\/wp-json\/wp\/v2\/comments?post=562"}],"version-history":[{"count":21,"href":"https:\/\/www.vxmventaspormayor.cl\/vxm\/wp-json\/wp\/v2\/pages\/562\/revisions"}],"predecessor-version":[{"id":8409,"href":"https:\/\/www.vxmventaspormayor.cl\/vxm\/wp-json\/wp\/v2\/pages\/562\/revisions\/8409"}],"wp:attachment":[{"href":"https:\/\/www.vxmventaspormayor.cl\/vxm\/wp-json\/wp\/v2\/media?parent=562"}],"curies":[{"name":"wp","href":"https:\/\/api.w.org\/{rel}","templated":true}]}}