{"id":5078,"date":"2020-03-21T02:14:16","date_gmt":"2020-03-21T02:14:16","guid":{"rendered":"https:\/\/vxmventaspormayor.cl\/vxm\/?page_id=5078"},"modified":"2020-04-14T19:56:30","modified_gmt":"2020-04-14T19:56:30","slug":"mascarillas","status":"publish","type":"page","link":"https:\/\/www.vxmventaspormayor.cl\/vxm\/mascarillas\/","title":{"rendered":"mascarillas"},"content":{"rendered":"<h2>Venta de Mascarillas<\/h2>\n<p>Con a\u00f1os de experiencia fabricando productos,tenemos una amplia gama de mascarillas en todos los colores,fabricadas en tela TNT, tela np tejida,<\/p>\n<h3>Mascarillas tnt<\/h3>\n<p>mascarilla tnt desechable, disponible en colores ,ajustable con el\u00e1stico, la mascarilla TN<\/p>\n<p>es Reutilizable ,venta de mascarillas TNT al por mayor.<\/p>\n<p>Suave y conveniente. * Prevenci\u00f3n de bacterias y polvo.<\/p>\n<p>Mascarillas en tela TNT ,venta de mascarillas , consultar valores mayoristas de mascarillas TNT.<\/p>\n<p><a class=\"fasc-button fasc-size-xlarge fasc-type-flat\" style=\"color: #ffffff; background-color: #03b4fa;\" href=\"http:\/\/vxmventaspormayor.cl\/vxm\/?page_id=562\">Quiero comprar<\/a>&nbsp; &nbsp; &nbsp; &nbsp;<a class=\"fasc-button fasc-size-xlarge fasc-type-flat\" style=\"color: #ffffff; background-color: #09aff0;\" href=\"http:\/\/vxmventaspormayor.cl\/vxm\/?page_id=562\">Quiero Cotizar<\/a><\/p>\n<h4>Contacto Directo 22-7244928&nbsp; +56996569117<\/h4>\n<p>contacto@vxmventaspormayor.cl<\/p>\n<p>[foogallery id=\u00bb5080&#8243;]<\/p>\n<h3>Mascarillas TNT, venta de mascarillas ajustables reutilizables.<\/h3>\n<p>&nbsp;<\/p>\n<p>Recuerda en estos momentos es muy importante cuidarnos con mascarillas de&nbsp;entre todos y protegernos ,estas mascarillas son reutilizables.<\/p>\n<p>Nuestras mascarillas de TNT son fabricadas en tela tnt pueden ser 1 capa y 2 capas de tela tnt.<\/p>\n<p>Tambi\u00e9n fabricamos mascarillas de TNT seg\u00fan requerimientos .<\/p>\n<p>En VXM tenemos venta de mascarillas TNT al por mayor.<\/p>\n<h3>Venta de Mascarillas TNT al por mayor<\/h3>\n<p>&nbsp;<\/p>\n<h4>Coronavirus<\/h4>\n<p>&nbsp;<\/p>\n<p>La comprensi\u00f3n actual de c\u00f3mo este virus causa COVID-19 se basa en lo que sabemos sobre los coronavirus en general. Este virus se transmite principalmente de persona a persona. Al igual que el resfriado com\u00fan, se transmite por gotitas, que a menudo se generan cuando una persona tose o estornuda. Uno puede estar expuesto cuando est\u00e1 en contacto cercano a menos de 1 metro con alguien que est\u00e1 enfermo. Se cree que las personas son m\u00e1s contagiosas cuando tienen s\u00edntomas. Ha habido informes de personas que se enferman despu\u00e9s del contacto,con muy pocos s\u00edntomas,no olvidemos respetar el metro cuadrado de cada persona,pensemos en los dem\u00e1s.<\/p>\n<p>Es muy f\u00e1cil su propagaci\u00f3n ya que de una persona se puede propagar a 2 o tres.<\/p>\n<h4>Como podemos protegernos del coronavirus?<\/h4>\n<p>&nbsp;<\/p>\n<p>1-&nbsp; Lavarnos frecuentemente las manos con jab\u00f2n.<\/p>\n<p>2- Evitar tocarse los ojos ,la boca ,la nariz con las manos sucias.<\/p>\n<p>3-Evitar contacto cercano con personas contagiadas o con s\u00edntomas.<\/p>\n<p>4-al llegar a su casa s\u00e1quese la ropa y zapatos antes de saludar a los dem\u00e1s.<\/p>\n<p>Luego lavelos,o elija unos zapatos para salir y d\u00e9jelos afuera al llegar.<\/p>\n<p>5-Qu\u00e9dese en su casa si esta enfermo<\/p>\n<p>6-Limpie objetos y superficies que usa con frecuencia.<\/p>\n<p>7-c\u00fabrase la boca al estornudar o toser.<\/p>\n<p>8-no viajar mientras esta enfermo.<\/p>\n<p>9-Recuerde alimentarse correctamente para tener un buen sistema de defensas.<\/p>\n<p>10 -QU\u00c9DESE EN SU CASA ,SOLO SALGA SI ES NECESARIO.<\/p>\n<p>11- Al salir usar mascarilla y guantes.<\/p>\n<p>&nbsp;<\/p>\n<p>&nbsp;<\/p>\n<p>&nbsp;<\/p>\n<p>&nbsp;<\/p>\n<p>&nbsp;<\/p>\n<p>&nbsp;<\/p>\n<p>&nbsp;<\/p>\n<p>&nbsp;<\/p>\n<p>&nbsp;<\/p>\n<p>&nbsp;<\/p>\n<p>&nbsp;<\/p>\n<p>&nbsp;<\/p>\n<p>&nbsp;<\/p>\n<p style=\"margin: 0.75em 0px; padding: 0px; border: 0px currentColor; text-align: center; color: #111111; text-transform: none; line-height: inherit; text-indent: 0px; letter-spacing: normal; font-family: 'Droid Sans', Arial, Tahoma; font-size: 16px; font-style: normal; font-weight: 400; word-spacing: 0px; vertical-align: baseline; white-space: normal; orphans: 2; widows: 2; font-stretch: inherit; background-color: #ffffff; font-variant-ligatures: normal; font-variant-caps: normal; font-variant-numeric: inherit; font-variant-east-asian: inherit; -webkit-text-stroke-width: 0px; text-decoration-style: initial; text-decoration-color: initial;\"><strong>Nuestra Oficina legal, nueva providencia 1881 of 201,Nuestra tienda es solamente y exclusivamente online.<\/strong><\/p>\n<p style=\"margin: 0.75em 0px; padding: 0px; border: 0px currentColor; text-align: center; color: #111111; text-transform: none; line-height: inherit; text-indent: 0px; letter-spacing: normal; font-family: 'Droid Sans', Arial, Tahoma; font-size: 16px; font-style: normal; font-weight: 400; word-spacing: 0px; vertical-align: baseline; white-space: normal; orphans: 2; widows: 2; font-stretch: inherit; background-color: #ffffff; font-variant-ligatures: normal; font-variant-caps: normal; font-variant-numeric: inherit; font-variant-east-asian: inherit; -webkit-text-stroke-width: 0px; text-decoration-style: initial; text-decoration-color: initial;\">Para respetar la ley de venta de ofrece libremente muestra de productos a los clientes,para que as\u00ed puedan conocer f\u00edsicamente los productos.<\/p>\n<p style=\"margin: 0.75em 0px; padding: 0px; border: 0px currentColor; text-align: center; color: #111111; text-transform: none; line-height: inherit; text-indent: 0px; letter-spacing: normal; font-family: 'Droid Sans', Arial, Tahoma; font-size: 16px; font-style: normal; font-weight: 400; word-spacing: 0px; vertical-align: baseline; white-space: normal; orphans: 2; widows: 2; font-stretch: inherit; background-color: #ffffff; font-variant-ligatures: normal; font-variant-caps: normal; font-variant-numeric: inherit; font-variant-east-asian: inherit; -webkit-text-stroke-width: 0px; text-decoration-style: initial; text-decoration-color: initial;\">Tambi\u00e9n puedes agendar reuniones en compras mayoristas.<\/p>\n<p style=\"margin: 0.75em 0px; padding: 0px; border: 0px currentColor; text-align: center; color: #111111; text-transform: none; line-height: inherit; text-indent: 0px; letter-spacing: normal; font-family: 'Droid Sans', Arial, Tahoma; font-size: 16px; font-style: normal; font-weight: 400; word-spacing: 0px; vertical-align: baseline; white-space: normal; orphans: 2; widows: 2; font-stretch: inherit; background-color: #ffffff; font-variant-ligatures: normal; font-variant-caps: normal; font-variant-numeric: inherit; font-variant-east-asian: inherit; -webkit-text-stroke-width: 0px; text-decoration-style: initial; text-decoration-color: initial;\">Tel\u00e9fonos&nbsp; 22-7244928&nbsp; &nbsp;+56996569117&nbsp; &nbsp; &nbsp; &nbsp; &nbsp; &nbsp; &nbsp; Email contacto@vxmventaspormayor.cl<\/p>\n<p style=\"margin: 0.75em 0px; padding: 0px; border: 0px currentColor; text-align: center; color: #111111; text-transform: none; line-height: inherit; text-indent: 0px; letter-spacing: normal; font-family: 'Droid Sans', Arial, Tahoma; font-size: 16px; font-style: normal; font-weight: 400; word-spacing: 0px; vertical-align: baseline; white-space: normal; orphans: 2; widows: 2; font-stretch: inherit; background-color: #ffffff; font-variant-ligatures: normal; font-variant-caps: normal; font-variant-numeric: inherit; font-variant-east-asian: inherit; -webkit-text-stroke-width: 0px; text-decoration-style: initial; text-decoration-color: initial;\">Realizado por VXM CORPORATE SOLUTIONS SPA<\/p>\n<p style=\"margin: 0.75em 0px; padding: 0px; border: 0px currentColor; text-align: center; color: #111111; text-transform: none; line-height: inherit; text-indent: 0px; letter-spacing: normal; font-family: 'Droid Sans', Arial, Tahoma; font-size: 16px; font-style: normal; font-weight: 400; word-spacing: 0px; vertical-align: baseline; white-space: normal; orphans: 2; widows: 2; font-stretch: inherit; background-color: #ffffff; font-variant-ligatures: normal; font-variant-caps: normal; font-variant-numeric: inherit; font-variant-east-asian: inherit; -webkit-text-stroke-width: 0px; text-decoration-style: initial; text-decoration-color: initial;\"><strong>Todos los derechos de imagenes y dise\u00f1os se encuentran reservados.<\/strong><\/p>\n<p style=\"margin: 0.75em 0px; padding: 0px; border: 0px currentColor; text-align: center; color: #111111; text-transform: none; line-height: inherit; text-indent: 0px; letter-spacing: normal; font-family: 'Droid Sans', Arial, Tahoma; font-size: 16px; font-style: normal; font-weight: 400; word-spacing: 0px; vertical-align: baseline; white-space: normal; orphans: 2; widows: 2; font-stretch: inherit; background-color: #ffffff; font-variant-ligatures: normal; font-variant-caps: normal; font-variant-numeric: inherit; font-variant-east-asian: inherit; -webkit-text-stroke-width: 0px; text-decoration-style: initial; text-decoration-color: initial;\">&nbsp;<\/p>\n<p style=\"margin: 0.75em 0px; padding: 0px; border: 0px currentColor; color: #111111; text-transform: none; line-height: inherit; text-indent: 0px; letter-spacing: normal; font-family: 'Droid Sans', Arial, Tahoma; font-size: 16px; font-style: normal; font-weight: 400; word-spacing: 0px; vertical-align: baseline; white-space: normal; orphans: 2; widows: 2; font-stretch: inherit; background-color: #ffffff; font-variant-ligatures: normal; font-variant-caps: normal; font-variant-numeric: inherit; font-variant-east-asian: inherit; -webkit-text-stroke-width: 0px; text-decoration-style: initial; text-decoration-color: initial;\"><img loading=\"lazy\" decoding=\"async\" class=\"alignnone wp-image-4120 aligncenter\" src=\"https:\/\/vxmventaspormayor.cl\/vxm\/wp-content\/uploads\/2019\/06\/LOGO.jpg\" alt=\"\" width=\"184\" height=\"130\"><\/p>\n<p>&nbsp;<\/p>\n<p>&nbsp;<\/p>\n<p>&nbsp;<\/p>\n<p>&nbsp;<\/p>\n<p>&nbsp;<\/p>\n<p>&nbsp;<\/p>\n<p>&nbsp;<\/p>\n<p>&nbsp;<\/p>\n<p>&nbsp;<\/p>\n<p>z<\/p>\n<div style=\"width: 640px;\" class=\"wp-video\"><!--[if lt IE 9]><script>document.createElement('video');<\/script><![endif]-->\n<video class=\"wp-video-shortcode\" id=\"video-5078-1\" width=\"640\" height=\"360\" preload=\"metadata\" controls=\"controls\"><source type=\"video\/mp4\" src=\"https:\/\/vxmventaspormayor.cl\/vxm\/wp-content\/uploads\/2020\/04\/SIN-TTULO-2.mp4?_=1\" \/><a href=\"https:\/\/vxmventaspormayor.cl\/vxm\/wp-content\/uploads\/2020\/04\/SIN-TTULO-2.mp4\">https:\/\/vxmventaspormayor.cl\/vxm\/wp-content\/uploads\/2020\/04\/SIN-TTULO-2.mp4<\/a><\/video><\/div>\n","protected":false},"excerpt":{"rendered":"<p>Venta de Mascarillas Con a\u00f1os de experiencia fabricando productos,tenemos una amplia gama de mascarillas en todos los colores,fabricadas en tela TNT, tela np tejida, Mascarillas tnt mascarilla tnt desechable, disponible en colores ,ajustable con el\u00e1stico, la mascarilla TN es Reutilizable ,venta de mascarillas TNT al por mayor. Suave y conveniente. * Prevenci\u00f3n de bacterias y &hellip;<\/p>\n<p class=\"read-more\"> <a class=\" thunk-readmore button \" href=\"https:\/\/www.vxmventaspormayor.cl\/vxm\/mascarillas\/\"> <span class=\"screen-reader-text\">mascarillas<\/span>Leer m\u00e1s<\/a><\/p>\n","protected":false},"author":1,"featured_media":0,"parent":0,"menu_order":0,"comment_status":"closed","ping_status":"closed","template":"","meta":{"footnotes":""},"class_list":["post-5078","page","type-page","status-publish","hentry","thunk-woo-product-list","opn-qv-enable","top-store-woo-hover-zoom","top-store-single-product-tab-horizontal","top-store-shadow-","top-store-shadow-hover-"],"_links":{"self":[{"href":"https:\/\/www.vxmventaspormayor.cl\/vxm\/wp-json\/wp\/v2\/pages\/5078"}],"collection":[{"href":"https:\/\/www.vxmventaspormayor.cl\/vxm\/wp-json\/wp\/v2\/pages"}],"about":[{"href":"https:\/\/www.vxmventaspormayor.cl\/vxm\/wp-json\/wp\/v2\/types\/page"}],"author":[{"embeddable":true,"href":"https:\/\/www.vxmventaspormayor.cl\/vxm\/wp-json\/wp\/v2\/users\/1"}],"replies":[{"embeddable":true,"href":"https:\/\/www.vxmventaspormayor.cl\/vxm\/wp-json\/wp\/v2\/comments?post=5078"}],"version-history":[{"count":11,"href":"https:\/\/www.vxmventaspormayor.cl\/vxm\/wp-json\/wp\/v2\/pages\/5078\/revisions"}],"predecessor-version":[{"id":5108,"href":"https:\/\/www.vxmventaspormayor.cl\/vxm\/wp-json\/wp\/v2\/pages\/5078\/revisions\/5108"}],"wp:attachment":[{"href":"https:\/\/www.vxmventaspormayor.cl\/vxm\/wp-json\/wp\/v2\/media?parent=5078"}],"curies":[{"name":"wp","href":"https:\/\/api.w.org\/{rel}","templated":true}]}}