{"id":44,"date":"2014-06-27T19:37:42","date_gmt":"2014-06-27T19:37:42","guid":{"rendered":"http:\/\/vxmventaspormayor.cl\/vxm\/?page_id=44"},"modified":"2022-06-04T21:57:26","modified_gmt":"2022-06-04T21:57:26","slug":"manta-de-polar-bordadaregalos-corporativos-frazadas-de-polar-por-mayor","status":"publish","type":"page","link":"https:\/\/www.vxmventaspormayor.cl\/vxm\/manta-de-polar-bordadaregalos-corporativos-frazadas-de-polar-por-mayor\/","title":{"rendered":"Frazadas, y Mantas de polar"},"content":{"rendered":"<h3 style=\"text-align: left;\"><span style=\"color: #000000;\">Frazadas polar por mayor, aqu\u00ed puedes encontrar nuestros modelos de frazadas de polar<\/span><\/h3>\n<h3 style=\"text-align: left;\"><span style=\"color: #000000;\">&nbsp;<a href=\"https:\/\/vxmventaspormayor.cl\/vxm\/categoria-producto\/frazadas-de-polar\/\">https:\/\/vxmventaspormayor.cl\/vxm\/categoria-producto\/frazadas-de-polar\/&nbsp;<\/a><\/span><\/h3>\n<p>o puedes volver a inicio y conocer todos nuestros productos&nbsp; <a href=\"https:\/\/vxmventaspormayor.cl\/vxm\/\">https:\/\/vxmventaspormayor.cl\/vxm\/<\/a><\/p>\n<h4><span style=\"color: #000000;\"><img loading=\"lazy\" decoding=\"async\" class=\"wp-image-5111 alignright\" src=\"https:\/\/vxmventaspormayor.cl\/vxm\/wp-content\/uploads\/2020\/04\/regalos-publicitarios.jpg\" alt=\"\" width=\"177\" height=\"114\"><\/span><\/h4>\n<p>Frazadas en muchas opciones de colores disponibles.&nbsp;<\/p>\n<h3>Frazadas de polar<\/h3>\n<p><span style=\"color: #000000;\">Con nuestras frazadas polar y mantas polar \u00a1Calienta tus<\/span><\/p>\n<p><span style=\"color: #000000;\">esfuerzos promocionales con la selecci\u00f3n c\u00e1lida de frazadas , mantas Publicitarias, mantas de viaje, mantas para eventos. Ofrecemos una amplia variedad de frazadas en diversos materiales opciones de tela, tama\u00f1os y colores para ayudarlo a dise\u00f1ar una frazada promocional que coincida perfectamente con la identidad de su marca. Excelente para promover equipos deportivos y eventos, Regalos, como obsequios corporativos para clientes o como obsequios de incentivos de la empresa para empleados y como un c\u00e1lido recuerdo.<\/span><\/p>\n<h3>Frazadas polar ,agregue su marca corporativa a las mantas y frazadas.<\/h3>\n<h4>Mantas de polar&nbsp;<\/h4>\n<p>Tenemos una amplia variedad de dise\u00f1os en mantas polar,en muchas opciones de colores y medidas ,ideales para tus eventos al aire libre ,en las tardes fr\u00edas,para un c\u00e1lido regalo a tus clientes ,amigos ,invitados y para tus campa\u00f1as de merchandising.<\/p>\n<h3>Frazadas polar ,personalizadas<\/h3>\n<p>Es una noche fr\u00eda y est\u00e1s listo para relajarte o compartir al aire libre ,Solo hay una cosa en la que puede confiar: una de las mantas de confianza que ve aqu\u00ed. Es un escenario con el que la mayor\u00eda de nosotros estamos familiarizados, especialmente aquellos que dependen de las mantas para mantenerse calientes en los fr\u00edos d\u00edas de invierno y en las noches de verano, Es por eso que las mantas c\u00e1lidas, c\u00f3modas y duraderas que ves aqu\u00ed son art\u00edculos geniales y de calidad para interiores y exteriores para cl\u00ednicas y regalos corporativos, al <em>usar<\/em> mantas todo el tiempo, van a ver su logo personalizado a\u00f1adido a su manta una y otra vez. Despu\u00e9s de todo, \u00bfa qui\u00e9n no le gusta una manta de calidad para el auto ,para la casa ,para cl\u00ednicas, para restaurantes como regalo y asi hacer un momento mas c\u00e1lido junto a su marca.<\/p>\n<p><a class=\"fasc-button fasc-size-xlarge fasc-type-flat fasc-ico-before dashicons-admin-users\" style=\"color: #ffffff; background-color: #1e106e;\" href=\"http:\/\/vxmventaspormayor.cl\/vxm\/?page_id=562\">Te puedo ayudar?&nbsp;<\/a>&nbsp; &nbsp;<\/p>\n<h3>Los 10 mejores modelos de frazadas polar,10 datos que te pueden ayudar a definir la frazada polar la adecuada.<\/h3>\n<p>1-Frazada polar cubre piernas o espalda ideal para eventos ,matrimonios ,restaurantes un c\u00e1lido regalo para hacer gratos los momentos sin pasar frio.<\/p>\n<p>se encuentra disponible en dos presentaciones con cinta raso de 1 cms y con cinta raso gruesa de 5 cms.<\/p>\n<p><img loading=\"lazy\" decoding=\"async\" class=\"alignnone wp-image-5043\" src=\"https:\/\/vxmventaspormayor.cl\/vxm\/wp-content\/uploads\/2020\/03\/frazadas-polar.jpg\" alt=\"Frazada polar\" width=\"178\" height=\"178\"> <a href=\"https:\/\/vxmventaspormayor.cl\/vxm\/?attachment_id=3647\" rel=\"attachment wp-att-5044\"><img loading=\"lazy\" decoding=\"async\" class=\"alignnone wp-image-5044\" src=\"https:\/\/vxmventaspormayor.cl\/vxm\/wp-content\/uploads\/2020\/03\/Frazada-polar-merchandising.jpg\" alt=\"frazada polar \" width=\"256\" height=\"253\" srcset=\"https:\/\/www.vxmventaspormayor.cl\/vxm\/wp-content\/uploads\/2020\/03\/Frazada-polar-merchandising.jpg 533w, https:\/\/www.vxmventaspormayor.cl\/vxm\/wp-content\/uploads\/2020\/03\/Frazada-polar-merchandising-100x100.jpg 100w\" sizes=\"auto, (max-width: 256px) 100vw, 256px\" \/><\/a><\/p>\n<p>2-Manta polar medida 1.00&#215;1.50 y 1.30 x1.50 ideal para viajes ,restaurantes, centros cl\u00ednicos, regalos ,Aerol\u00edneas, transportes, como regalo corporativo para hacer agradables y c\u00e1lidos los momentos.<\/p>\n<p>&nbsp;<\/p>\n<p><img loading=\"lazy\" decoding=\"async\" src=\"https:\/\/p.globalsources.com\/IMAGES\/PDT\/BIG\/102\/B1065196102.jpg\" alt=\"Resultado de imagen para corporate fleece blankets\" width=\"211\" height=\"211\"><\/p>\n<p>3-Frazada polar con arn\u00e8s simple para traslado para viajes y trasladar a cualquier lugar puede ser colgada en el hombro o de mano, ideal acompa\u00f1ante para un momento grato y c\u00e1lido para no pasar frio en ning\u00fan lugar a donde vayas.<\/p>\n<p>Genial regalo corporativo para trasladar a todo lugar con tu logo.<\/p>\n<p><a href=\"r\"><img loading=\"lazy\" decoding=\"async\" class=\"alignnone wp-image-5046\" src=\"https:\/\/vxmventaspormayor.cl\/vxm\/wp-content\/uploads\/2020\/03\/frazada-polar-razada-con-arnes.jpg\" alt=\"manta de polar\" width=\"174\" height=\"212\"><\/a><\/p>\n<p>4-Frazada polar con arn\u00e8s con un peque\u00f1o bosillo el cual se puede estampar o bordar para traslado para viajes y trasladar a cualquier lugar puede ser colgada en el hombro o de mano, ideal acompa\u00f1ante para un momento grato y c\u00e1lido para no pasar frio en ning\u00fan lugar a donde vayas.<\/p>\n<p>Genial regalo corporativo para trasladar a todo lugar con tu logo.<\/p>\n<p>5-Impacta con esta maravillosa frazada con bolso para traslado ,te puede servir hasta de almohada ,c\u00e1lido regalo corporativo.<\/p>\n<p><img loading=\"lazy\" decoding=\"async\" class=\"alignnone wp-image-5048\" src=\"https:\/\/vxmventaspormayor.cl\/vxm\/wp-content\/uploads\/2020\/03\/razada-polarbolso-de-viaje-c\u00e0lido.jpg\" alt=\"frazada polar de viaje\" width=\"333\" height=\"252\"><\/p>\n<p>6-Elegante presentaci\u00f3n de esta c\u00e0lida frazada polar medidas 2.00&#215;1.50 ideal regalo&nbsp; que puedes personalizar .<\/p>\n<p><img loading=\"lazy\" decoding=\"async\" class=\"alignnone wp-image-5049\" src=\"https:\/\/vxmventaspormayor.cl\/vxm\/wp-content\/uploads\/2020\/03\/frazada-polar.jpg\" alt=\"\" width=\"253\" height=\"325\"><\/p>\n<p>7-Impacta con esta espectacular frazada polar con logo personalizado en grande,ideal para tus campa\u00f1as publicitarias que causen impacto.<\/p>\n<p>La presentaci\u00f3n puede ser como tu quieras con o sin cinta.<\/p>\n<p><img loading=\"lazy\" decoding=\"async\" class=\"alignnone size-full wp-image-5050\" src=\"https:\/\/vxmventaspormayor.cl\/vxm\/wp-content\/uploads\/2020\/03\/manta-polar.jpg\" alt=\"Frazada polar\" width=\"225\" height=\"225\"><\/p>\n<p>8-Comodo pack de frazada polar + almohadas de polar y antifaz para dormir que m\u00e0s calidez y comodidad&nbsp; un excelente regalo para tu equipo , clientes ,regalo de viaje.<\/p>\n<p>Lo mejor es que esta disponible en 20 colores para elegir.<\/p>\n<p><img loading=\"lazy\" decoding=\"async\" src=\"https:\/\/vxmventaspormayor.cl\/vxm\/wp-content\/uploads\/2019\/01\/set-de-viaje-con-antifaz.jpg\" width=\"234\" height=\"234\"><\/p>\n<p>9-Impacta con esta innovadora frazada poncho ,para levar a todo lugar y no pasar frio,se encuentra disponible en 20 colores.<\/p>\n<p><img loading=\"lazy\" decoding=\"async\" src=\"https:\/\/vxmventaspormayor.cl\/vxm\/wp-content\/uploads\/2019\/05\/poncho-polar.jpg\" width=\"224\" height=\"224\"><\/p>\n<p>10-Si Quieres una frazada de algod\u00f3n, esta este Modelo suave y de algod\u00f3n, ideal para llevar a todo lugar y personalizar con tu marca ,modelo elegante y diferente.<\/p>\n<p><img loading=\"lazy\" decoding=\"async\" class=\"alignnone wp-image-5051\" src=\"https:\/\/vxmventaspormayor.cl\/vxm\/wp-content\/uploads\/2020\/03\/Frazada-franela.jpg\" alt=\"Frazada\" width=\"381\" height=\"445\"><\/p>\n<p>&nbsp;<\/p>\n<p>&nbsp;<\/p>\n<p>&nbsp;<\/p>\n<h4>PUEDES VER M\u00c0S TEMPORADA INVIERNO EN ESTE ENLACE&nbsp;<\/h4>\n<p><a href=\"http:\/\/vxmventaspormayor.cl\/vxm\/?page_id=123\">http:\/\/vxmventaspormayor.cl\/vxm\/?page_id=123<\/a><\/p>\n<p><a class=\"fasc-button fasc-size-xlarge fasc-type-flat\" style=\"color: #ffffff; background-color: #0bb519;\" href=\"http:\/\/vxmventaspormayor.cl\/vxm\/?page_id=562\">Quiero Cotizar<\/a> &nbsp;<\/p>\n<p>&nbsp;<\/p>\n<p>&nbsp;<\/p>\n<p>&nbsp;<\/p>\n<p>&nbsp;<\/p>\n<p>&nbsp;<\/p>\n<p>&nbsp;<\/p>\n<p>&nbsp;<\/p>\n<p>&nbsp;<\/p>\n<p style=\"text-align: center;\"><strong>Nuestra Oficina legal,nueva providencia 1881 of 201,Nuestra tienda es solamente y exclusivamente online.<\/strong><\/p>\n<p style=\"text-align: center;\">Para respetar la ley de venta de ofrece libremente muestra de productos a los clientes,para que as\u00ed puedan conocer f\u00edsicamente los productos.<\/p>\n<p style=\"text-align: center;\">Tambi\u00e9n puedes agendar reuniones en compras mayoristas.<\/p>\n<p style=\"text-align: center;\">Tel\u00e9fonos&nbsp; 22-7244928&nbsp; &nbsp;+56996569117&nbsp; &nbsp; &nbsp; &nbsp; &nbsp; &nbsp; &nbsp; Email contacto@vxmventaspormayor.cl<\/p>\n<p style=\"text-align: center;\">Realizado por VXM CORPORATE SOLUTIONS SPA<\/p>\n<p style=\"text-align: center;\"><strong>Todos los derechos de imagenes y dise\u00f1os se encuentran reservados.<\/strong><\/p>\n<p style=\"text-align: center;\">&nbsp;<\/p>\n<p><img loading=\"lazy\" decoding=\"async\" class=\"alignnone wp-image-4120 aligncenter\" src=\"https:\/\/vxmventaspormayor.cl\/vxm\/wp-content\/uploads\/2019\/06\/LOGO.jpg\" alt=\"\" width=\"184\" height=\"130\"><\/p>\n","protected":false},"excerpt":{"rendered":"<p>Frazadas polar por mayor, aqu\u00ed puedes encontrar nuestros modelos de frazadas de polar &nbsp;https:\/\/vxmventaspormayor.cl\/vxm\/categoria-producto\/frazadas-de-polar\/&nbsp; o puedes volver a inicio y conocer todos nuestros productos&nbsp; https:\/\/vxmventaspormayor.cl\/vxm\/ Frazadas en muchas opciones de colores disponibles.&nbsp; Frazadas de polar Con nuestras frazadas polar y mantas polar \u00a1Calienta tus esfuerzos promocionales con la selecci\u00f3n c\u00e1lida de frazadas , mantas Publicitarias, &hellip;<\/p>\n<p class=\"read-more\"> <a class=\" thunk-readmore button \" href=\"https:\/\/www.vxmventaspormayor.cl\/vxm\/manta-de-polar-bordadaregalos-corporativos-frazadas-de-polar-por-mayor\/\"> <span class=\"screen-reader-text\">Frazadas, y Mantas de polar<\/span>Leer m\u00e1s<\/a><\/p>\n","protected":false},"author":1,"featured_media":0,"parent":0,"menu_order":0,"comment_status":"closed","ping_status":"closed","template":"","meta":{"footnotes":""},"class_list":["post-44","page","type-page","status-publish","hentry","thunk-woo-product-list","opn-qv-enable","top-store-woo-hover-zoom","top-store-single-product-tab-horizontal","top-store-shadow-","top-store-shadow-hover-"],"_links":{"self":[{"href":"https:\/\/www.vxmventaspormayor.cl\/vxm\/wp-json\/wp\/v2\/pages\/44","targetHints":{"allow":["GET"]}}],"collection":[{"href":"https:\/\/www.vxmventaspormayor.cl\/vxm\/wp-json\/wp\/v2\/pages"}],"about":[{"href":"https:\/\/www.vxmventaspormayor.cl\/vxm\/wp-json\/wp\/v2\/types\/page"}],"author":[{"embeddable":true,"href":"https:\/\/www.vxmventaspormayor.cl\/vxm\/wp-json\/wp\/v2\/users\/1"}],"replies":[{"embeddable":true,"href":"https:\/\/www.vxmventaspormayor.cl\/vxm\/wp-json\/wp\/v2\/comments?post=44"}],"version-history":[{"count":64,"href":"https:\/\/www.vxmventaspormayor.cl\/vxm\/wp-json\/wp\/v2\/pages\/44\/revisions"}],"predecessor-version":[{"id":6280,"href":"https:\/\/www.vxmventaspormayor.cl\/vxm\/wp-json\/wp\/v2\/pages\/44\/revisions\/6280"}],"wp:attachment":[{"href":"https:\/\/www.vxmventaspormayor.cl\/vxm\/wp-json\/wp\/v2\/media?parent=44"}],"curies":[{"name":"wp","href":"https:\/\/api.w.org\/{rel}","templated":true}]}}