{"id":4149,"date":"2019-06-15T05:43:08","date_gmt":"2019-06-15T05:43:08","guid":{"rendered":"https:\/\/vxmventaspormayor.cl\/vxm\/?page_id=4149"},"modified":"2019-11-10T14:45:29","modified_gmt":"2019-11-10T14:45:29","slug":"mochilas-de-tela","status":"publish","type":"page","link":"https:\/\/www.vxmventaspormayor.cl\/vxm\/mochilas-de-tela\/","title":{"rendered":"Mochilas de tela"},"content":{"rendered":"<p>Mochilas de tela&nbsp;<\/p>\n<p>Suministramos a empresas de todas las categor\u00edas y personas trabajadoras como usted m, bolsa de tela ,mochilas de tela art\u00edculos de calidad a precios de mayorista. Vender bolsos de lona de algod\u00f3n , bolsos con cord\u00f3n : mochilas, bolsas de tela crudo,mochilas de tela&nbsp; ,Bolsas deportivas ,bolsas de tela personalizadas y m\u00e1s no es solo nuestra rutina diaria, vivimos creando nuevos art\u00edculos para una mayor satisfacci\u00f3n en su compra.<\/p>\n<p style=\"text-align: center;\">\n<a class=\"fasc-button fasc-size-xlarge fasc-type-flat\" style=\"background-color: #110d82; color: #ffffff;\" href=\"http:\/\/vxmventaspormayor.cl\/vxm\/?page_id=562\">Te puedo ayudar<\/a><\/p>\n<p>[foogallery id=\u00bb4152&#8243;]<\/p>\n<div>Las bolsas de tela de algod\u00f3n son m\u00e1s duraderas y resistentes en comparaci\u00f3n con las bolsas de pl\u00e1stico. No solo ofrecen m\u00e1s calidad, el \u00e1rea de impresi\u00f3n con la que vienen nuestras bolsas de mano le permite imprimir o bordar su logotipo para una apariencia personalizada y personal, lo que lo hace ideal para su negocio o usos promocionales dando as\u00ec a conocer su marca en todo lugar de una manera duradera.<\/div>\n<div>&nbsp;<\/div>\n<div>No solo la calidad de nuestras bolsas de tela presentar\u00e1 su negocio como un negocio de m\u00e1s calidad, sus clientes seguramente apreciar\u00e1n el dinero que invierte en su conveniencia, y sus bolsas personalizadas presentar\u00e1n su logo o lema a una gran audiencia de posibles clientes ,a todo lugar ,siendo las Bolsas de tela,mochilas de tela y bolsos de tela muy duraderos.<\/div>\n<div>&nbsp;<\/div>\n<div>Las bolsas de tela reutilizables de lona de algod\u00f3n de calidad que ofrecemos vienen en el estilo y color que quieras y est\u00e1n hechas con una tela gruesa y duradera que durar\u00e1 a\u00f1os de uso. lleve al parque o la playa,a la tienda,al supermercado donde vaya&nbsp; Estas bolsas de lona al por mayor son una opci\u00f3n ideal para m\u00faltiples ocasiones que no te decepcionar\u00e1n. Las bolsas de VXM son buenas para cualquier ocasi\u00f3n, negocio o para cualquiera que busque una bolsa de algod\u00f3n reutilizable .<\/div>\n<div>&nbsp;<\/div>\n<div>Con nuestras bolsas de tela de variedad de modelos baratas y precios al por mayor y la garant\u00eda del precio m\u00e1s bajo, puede estar seguro de que est\u00e1 pagando el precio m\u00e1s bajo disponible. Cuando compra en VXM fabricante de Bolsas de tela , obtiene nuestro soporte al cliente en vivo en espera , listo para responder sus preguntas o ayudarlo cuando sea posible.<\/div>\n<div>&nbsp;<\/div>\n<div>Puedes ver m\u00e0s Productos relacionados con bolsas de tela&nbsp; <a href=\"https:\/\/vxmventaspormayor.cl\/vxm\/bolsos-de-mujer\/\">https:\/\/vxmventaspormayor.cl\/vxm\/bolsos-de-mujer\/<\/a><\/div>\n<p>&nbsp;<\/p>\n","protected":false},"excerpt":{"rendered":"<p>Mochilas de tela&nbsp; Suministramos a empresas de todas las categor\u00edas y personas trabajadoras como usted m, bolsa de tela ,mochilas de tela art\u00edculos de calidad a precios de mayorista. Vender bolsos de lona de algod\u00f3n , bolsos con cord\u00f3n : mochilas, bolsas de tela crudo,mochilas de tela&nbsp; ,Bolsas deportivas ,bolsas de tela personalizadas y m\u00e1s &hellip;<\/p>\n<p class=\"read-more\"> <a class=\" thunk-readmore button \" href=\"https:\/\/www.vxmventaspormayor.cl\/vxm\/mochilas-de-tela\/\"> <span class=\"screen-reader-text\">Mochilas de tela<\/span>Leer m\u00e1s<\/a><\/p>\n","protected":false},"author":1,"featured_media":0,"parent":0,"menu_order":0,"comment_status":"closed","ping_status":"closed","template":"","meta":{"footnotes":""},"class_list":["post-4149","page","type-page","status-publish","hentry","thunk-woo-product-list","opn-qv-enable","top-store-woo-hover-zoom","top-store-single-product-tab-horizontal","top-store-shadow-","top-store-shadow-hover-"],"_links":{"self":[{"href":"https:\/\/www.vxmventaspormayor.cl\/vxm\/wp-json\/wp\/v2\/pages\/4149"}],"collection":[{"href":"https:\/\/www.vxmventaspormayor.cl\/vxm\/wp-json\/wp\/v2\/pages"}],"about":[{"href":"https:\/\/www.vxmventaspormayor.cl\/vxm\/wp-json\/wp\/v2\/types\/page"}],"author":[{"embeddable":true,"href":"https:\/\/www.vxmventaspormayor.cl\/vxm\/wp-json\/wp\/v2\/users\/1"}],"replies":[{"embeddable":true,"href":"https:\/\/www.vxmventaspormayor.cl\/vxm\/wp-json\/wp\/v2\/comments?post=4149"}],"version-history":[{"count":5,"href":"https:\/\/www.vxmventaspormayor.cl\/vxm\/wp-json\/wp\/v2\/pages\/4149\/revisions"}],"predecessor-version":[{"id":4969,"href":"https:\/\/www.vxmventaspormayor.cl\/vxm\/wp-json\/wp\/v2\/pages\/4149\/revisions\/4969"}],"wp:attachment":[{"href":"https:\/\/www.vxmventaspormayor.cl\/vxm\/wp-json\/wp\/v2\/media?parent=4149"}],"curies":[{"name":"wp","href":"https:\/\/api.w.org\/{rel}","templated":true}]}}