{"id":3615,"date":"2019-05-19T00:17:36","date_gmt":"2019-05-19T00:17:36","guid":{"rendered":"http:\/\/vxmventaspormayor.cl\/vxm\/?page_id=3615"},"modified":"2020-06-01T04:49:06","modified_gmt":"2020-06-01T04:49:06","slug":"ponchos-de-polar","status":"publish","type":"page","link":"https:\/\/www.vxmventaspormayor.cl\/vxm\/ponchos-de-polar\/","title":{"rendered":"Ponchos de polar"},"content":{"rendered":"<h4>[metaslider id=\u00bb3218&#8243;]<\/h4>\n<h4>Ponchos&nbsp; &nbsp; &nbsp; &nbsp; &nbsp; &nbsp; &nbsp; &nbsp; &nbsp; &nbsp; &nbsp; &nbsp; &nbsp; &nbsp; &nbsp; &nbsp; &nbsp; &nbsp; &nbsp; &nbsp; &nbsp; &nbsp; &nbsp; &nbsp; &nbsp; &nbsp; &nbsp; &nbsp; &nbsp; &nbsp; &nbsp; &nbsp; &nbsp; &nbsp; &nbsp; &nbsp; &nbsp; &nbsp; &nbsp; &nbsp; &nbsp; &nbsp; &nbsp; <img loading=\"lazy\" decoding=\"async\" class=\"wp-image-5111 alignright\" src=\"https:\/\/vxmventaspormayor.cl\/vxm\/wp-content\/uploads\/2020\/04\/regalos-publicitarios.jpg\" alt=\"Estuches\" width=\"170\" height=\"109\"><\/h4>\n<h4>Regalos Corporativos Chile ,merchandising,Ponchos de polar,venta de ropa por mayor<\/h4>\n<p>Poncho polar,en muchas opciones de colores,ponchos fabricados en tela polar de calidad,nuestros productos pueden ser personalizados.<\/p>\n<p>Ponchos polar de alto poder t\u00e9rmico ,ideal para las tardes fr\u00edas y para invierno.<\/p>\n<h4>Ponchos de tela polar ideales para regalo<\/h4>\n<h4 style=\"text-align: left;\">Despachos a todos Chile<\/h4>\n<p><img loading=\"lazy\" decoding=\"async\" class=\"alignnone wp-image-5241\" style=\"color: #111111; font-size: 0.95em;\" src=\"https:\/\/vxmventaspormayor.cl\/vxm\/wp-content\/uploads\/2020\/06\/venta-de-ropa.jpg\" alt=\"\" width=\"159\" height=\"91\"><img loading=\"lazy\" decoding=\"async\" class=\"mimg alignnone\" src=\"https:\/\/tse1.mm.bing.net\/th\/id\/OIP.8giAoJl4Ob3DM_PcqmLRAQHaDt?w=269&amp;h=150&amp;c=7&amp;o=5&amp;pid=1.7\" alt=\"Resultado de imagen de logo fedex\" width=\"106\" height=\"58\" data-thhnrepbd=\"1\"><\/p>\n<p>Ropa de invierno,Regalos corporativos novedosos,Ponchos de polar para hombres<\/p>\n<p>Amplio stock<\/p>\n<h4>Ponchos&nbsp;<\/h4>\n<p><a class=\"fasc-button fasc-size-xlarge fasc-type-flat\" style=\"background-color: #fc740d; color: #ffffff;\" href=\"http:\/\/vxmventaspormayor.cl\/vxm\/?page_id=562\">Quiero Cotizar&nbsp;<\/a> &nbsp;<a class=\"fasc-button fasc-size-xlarge fasc-type-flat\" style=\"background-color: #ff0daa; color: #ffffff;\">Quiero comprar<\/a><\/p>\n<p>&nbsp;<\/p>\n<p>[foogallery id=\u00bb3618&#8243;]<\/p>\n<p>&nbsp;<\/p>\n<h3>Ponchos de polar<\/h3>\n<p>Los ponchos de polar de VXM son ideales para las tardes fr\u00edas y noches ,para uso diario en invierno ,ideal regalo para regalonear a tus clientes y a tu equipo ,tambi\u00e9n como regalos personal a un ser querido,Tambi\u00e9n puedes vender nuestros ponchos por catalogo,emprende con nuestros productos ,ponchos con alto poder t\u00e9rmico,para mujeres ,hombres,abuelos y ni\u00f1os,nuestros ponchos son fabricados en tela de calidad se encuentran en diferentes dise\u00f1os.<\/p>\n<p>&nbsp;<\/p>\n<h4>Emprende con nuestros productos.<\/h4>\n<p>Te invitamos a crear tu propio negocio ,vendiendo nuestros productos ,art\u00edculos en todas las categorias ,stock todo el a\u00f1o ,en todos los colores ,crea tu propio emprendimiento con productos de calidad,trabaja desde tu hogar,se un distribuidor de nuestros productos y aumenta tus ingresos.<\/p>\n<p>&nbsp;<\/p>\n<p>&nbsp;<\/p>\n<p>&nbsp;<\/p>\n<p>&nbsp;<\/p>\n<p>&nbsp;<\/p>\n<p>&nbsp;<\/p>\n<p>&nbsp;<\/p>\n<p>&nbsp;<\/p>\n<p>&nbsp;<\/p>\n<p>&nbsp;<\/p>\n<p>&nbsp;<\/p>\n<p>&nbsp;<\/p>\n<p>&nbsp;<\/p>\n<p>&nbsp;<\/p>\n<p>&nbsp;<\/p>\n<p>&nbsp;<\/p>\n<p>&nbsp;<\/p>\n<p style=\"text-align: center;\"><strong>Nuestra Oficina legal, nueva providencia 1881 of 201,Nuestra tienda es solamente y exclusivamente online.<\/strong><\/p>\n<p style=\"text-align: center;\">Para respetar la ley de venta de ofrece libremente muestra de productos a los clientes,para que as\u00ed puedan conocer f\u00edsicamente los productos.<\/p>\n<p style=\"text-align: center;\">Tambi\u00e9n puedes agendar reuniones en compras mayoristas.<\/p>\n<p style=\"text-align: center;\">Tel\u00e9fonos&nbsp; 22-7244928&nbsp; &nbsp;+56996569117&nbsp; &nbsp; &nbsp; &nbsp; &nbsp; &nbsp; &nbsp; Email contacto@vxmventaspormayor.cl<\/p>\n<p style=\"text-align: center;\">Realizado por VXM CORPORATE SOLUTIONS SPA<\/p>\n<p style=\"text-align: center;\"><strong>Todos los derechos de imagenes y dise\u00f1os se encuentran reservados.<\/strong><\/p>\n<p style=\"text-align: center;\">&nbsp;<\/p>\n<p><img loading=\"lazy\" decoding=\"async\" class=\"alignnone wp-image-4120 aligncenter\" src=\"https:\/\/vxmventaspormayor.cl\/vxm\/wp-content\/uploads\/2019\/06\/LOGO.jpg\" alt=\"\" width=\"184\" height=\"130\"><\/p>\n<p>&nbsp;<\/p>\n<p>&nbsp;<\/p>\n","protected":false},"excerpt":{"rendered":"<p>[metaslider id=\u00bb3218&#8243;] Ponchos&nbsp; &nbsp; &nbsp; &nbsp; &nbsp; &nbsp; &nbsp; &nbsp; &nbsp; &nbsp; &nbsp; &nbsp; &nbsp; &nbsp; &nbsp; &nbsp; &nbsp; &nbsp; &nbsp; &nbsp; &nbsp; &nbsp; &nbsp; &nbsp; &nbsp; &nbsp; &nbsp; &nbsp; &nbsp; &nbsp; &nbsp; &nbsp; &nbsp; &nbsp; &nbsp; &nbsp; &nbsp; &nbsp; &nbsp; &nbsp; &nbsp; &nbsp; &nbsp; Regalos Corporativos Chile ,merchandising,Ponchos de polar,venta de ropa por mayor &hellip;<\/p>\n<p class=\"read-more\"> <a class=\" thunk-readmore button \" href=\"https:\/\/www.vxmventaspormayor.cl\/vxm\/ponchos-de-polar\/\"> <span class=\"screen-reader-text\">Ponchos de polar<\/span>Leer m\u00e1s<\/a><\/p>\n","protected":false},"author":1,"featured_media":0,"parent":0,"menu_order":0,"comment_status":"closed","ping_status":"closed","template":"","meta":{"footnotes":""},"class_list":["post-3615","page","type-page","status-publish","hentry","thunk-woo-product-list","opn-qv-enable","top-store-woo-hover-zoom","top-store-single-product-tab-horizontal","top-store-shadow-","top-store-shadow-hover-"],"_links":{"self":[{"href":"https:\/\/www.vxmventaspormayor.cl\/vxm\/wp-json\/wp\/v2\/pages\/3615","targetHints":{"allow":["GET"]}}],"collection":[{"href":"https:\/\/www.vxmventaspormayor.cl\/vxm\/wp-json\/wp\/v2\/pages"}],"about":[{"href":"https:\/\/www.vxmventaspormayor.cl\/vxm\/wp-json\/wp\/v2\/types\/page"}],"author":[{"embeddable":true,"href":"https:\/\/www.vxmventaspormayor.cl\/vxm\/wp-json\/wp\/v2\/users\/1"}],"replies":[{"embeddable":true,"href":"https:\/\/www.vxmventaspormayor.cl\/vxm\/wp-json\/wp\/v2\/comments?post=3615"}],"version-history":[{"count":13,"href":"https:\/\/www.vxmventaspormayor.cl\/vxm\/wp-json\/wp\/v2\/pages\/3615\/revisions"}],"predecessor-version":[{"id":5285,"href":"https:\/\/www.vxmventaspormayor.cl\/vxm\/wp-json\/wp\/v2\/pages\/3615\/revisions\/5285"}],"wp:attachment":[{"href":"https:\/\/www.vxmventaspormayor.cl\/vxm\/wp-json\/wp\/v2\/media?parent=3615"}],"curies":[{"name":"wp","href":"https:\/\/api.w.org\/{rel}","templated":true}]}}