{"id":3403,"date":"2019-02-25T04:25:10","date_gmt":"2019-02-25T04:25:10","guid":{"rendered":"http:\/\/vxmventaspormayor.cl\/vxm\/?page_id=3403"},"modified":"2020-04-15T14:31:09","modified_gmt":"2020-04-15T14:31:09","slug":"cuello-polarregalos-corporativosventas-por-mayor","status":"publish","type":"page","link":"https:\/\/www.vxmventaspormayor.cl\/vxm\/cuello-polarregalos-corporativosventas-por-mayor\/","title":{"rendered":"Cuello polar"},"content":{"rendered":"<h3>Cuello polar<\/h3>\n<h5>Regalos corporativos originales,amplia variedad de articulos <img loading=\"lazy\" decoding=\"async\" class=\"wp-image-5111 alignright\" src=\"https:\/\/vxmventaspormayor.cl\/vxm\/wp-content\/uploads\/2020\/04\/regalos-publicitarios.jpg\" alt=\"\" width=\"216\" height=\"138\">Publicitarios.<\/h5>\n<p>Cuellos de polar personalizados en mas de 20 colores<\/p>\n<h3>Cuello polar bordados<\/h3>\n<p>Nuestra linea de cuellos tambi\u00e8n pueden ser personalizados Disponibles en todos los colores, venta de cuellos polar al por mayor.<\/p>\n<h3>Cuellos Polar<\/h3>\n<p>Los cuellos de polar se encuentran en una amplia gama de dise\u00f1os , los cuellos polar tienen un alto poder t\u00e9rmico ,ideal para d\u00edas fr\u00edos ,para regalos corporativos,para tus trabajadores,y para tu equipo.El cuello polar es f\u00e1cil de llevar a cualquier lugar.<\/p>\n<p><a class=\"fasc-button fasc-size-xlarge fasc-type-flat\" style=\"background-color: #fc6005; color: #ffffff;\" href=\"http:\/\/vxmventaspormayor.cl\/vxm\/?page_id=562\">Quiero Cotizar&nbsp;<\/a>&nbsp; &nbsp;<a class=\"fasc-button fasc-size-xlarge fasc-type-flat\" style=\"background-color: #e81c6e; color: #ffffff;\" href=\"http:\/\/vxmventaspormayor.cl\/vxm\/?page_id=562\">Quiero comprar<\/a><\/p>\n<p>[foogallery id=\u00bb3406&#8243;]<\/p>\n<p>&nbsp;<\/p>\n<p>&nbsp;<\/p>\n<p>&nbsp;<\/p>\n<p>&nbsp;<\/p>\n<p>&nbsp;<\/p>\n<p style=\"text-align: center;\"><strong>Nuestra Oficina legal,nueva providencia 1881 of 201,Nuestra tienda es solamente y exclusivamente online.<\/strong><\/p>\n<p style=\"text-align: center;\">Para respetar la ley de venta de ofrece libremente muestra de productos a los clientes,para que as\u00ed puedan conocer f\u00edsicamente los productos.<\/p>\n<p style=\"text-align: center;\">Tambi\u00e9n puedes agendar reuniones en compras mayoristas.<\/p>\n<p style=\"text-align: center;\">Tel\u00e9fonos&nbsp; 22-7244928&nbsp; &nbsp;+56996569117&nbsp; &nbsp; &nbsp; &nbsp; &nbsp; &nbsp; &nbsp; Email contacto@vxmventaspormayor.cl<\/p>\n<p style=\"text-align: center;\">Realizado por VXM CORPORATE SOLUTIONS SPA<\/p>\n<p style=\"text-align: center;\"><strong>Todos los derechos de imagenes y dise\u00f1os se encuentran reservados.<\/strong><\/p>\n<p style=\"text-align: center;\">&nbsp;<\/p>\n<p><img loading=\"lazy\" decoding=\"async\" class=\"alignnone wp-image-4120 aligncenter\" src=\"https:\/\/vxmventaspormayor.cl\/vxm\/wp-content\/uploads\/2019\/06\/LOGO.jpg\" alt=\"\" width=\"184\" height=\"130\"><\/p>\n","protected":false},"excerpt":{"rendered":"<p>Cuello polar Regalos corporativos originales,amplia variedad de articulos Publicitarios. Cuellos de polar personalizados en mas de 20 colores Cuello polar bordados Nuestra linea de cuellos tambi\u00e8n pueden ser personalizados Disponibles en todos los colores, venta de cuellos polar al por mayor. Cuellos Polar Los cuellos de polar se encuentran en una amplia gama de dise\u00f1os &hellip;<\/p>\n<p class=\"read-more\"> <a class=\" thunk-readmore button \" href=\"https:\/\/www.vxmventaspormayor.cl\/vxm\/cuello-polarregalos-corporativosventas-por-mayor\/\"> <span class=\"screen-reader-text\">Cuello polar<\/span>Leer m\u00e1s<\/a><\/p>\n","protected":false},"author":1,"featured_media":0,"parent":0,"menu_order":0,"comment_status":"closed","ping_status":"closed","template":"","meta":{"footnotes":""},"class_list":["post-3403","page","type-page","status-publish","hentry","thunk-woo-product-list","opn-qv-enable","top-store-woo-hover-zoom","top-store-single-product-tab-horizontal","top-store-shadow-","top-store-shadow-hover-"],"_links":{"self":[{"href":"https:\/\/www.vxmventaspormayor.cl\/vxm\/wp-json\/wp\/v2\/pages\/3403"}],"collection":[{"href":"https:\/\/www.vxmventaspormayor.cl\/vxm\/wp-json\/wp\/v2\/pages"}],"about":[{"href":"https:\/\/www.vxmventaspormayor.cl\/vxm\/wp-json\/wp\/v2\/types\/page"}],"author":[{"embeddable":true,"href":"https:\/\/www.vxmventaspormayor.cl\/vxm\/wp-json\/wp\/v2\/users\/1"}],"replies":[{"embeddable":true,"href":"https:\/\/www.vxmventaspormayor.cl\/vxm\/wp-json\/wp\/v2\/comments?post=3403"}],"version-history":[{"count":10,"href":"https:\/\/www.vxmventaspormayor.cl\/vxm\/wp-json\/wp\/v2\/pages\/3403\/revisions"}],"predecessor-version":[{"id":5118,"href":"https:\/\/www.vxmventaspormayor.cl\/vxm\/wp-json\/wp\/v2\/pages\/3403\/revisions\/5118"}],"wp:attachment":[{"href":"https:\/\/www.vxmventaspormayor.cl\/vxm\/wp-json\/wp\/v2\/media?parent=3403"}],"curies":[{"name":"wp","href":"https:\/\/api.w.org\/{rel}","templated":true}]}}