{"id":2111,"date":"2019-01-12T21:42:21","date_gmt":"2019-01-12T21:42:21","guid":{"rendered":"http:\/\/vxmventaspormayor.cl\/vxm\/?page_id=2111"},"modified":"2021-01-04T22:41:03","modified_gmt":"2021-01-04T22:41:03","slug":"pecheras-y-delantalesdelantaldelantales-perzonalizadosdelantales-publicitarios","status":"publish","type":"page","link":"https:\/\/www.vxmventaspormayor.cl\/vxm\/pecheras-y-delantalesdelantaldelantales-perzonalizadosdelantales-publicitarios\/","title":{"rendered":"Pecheras y Delantal"},"content":{"rendered":"<h4>Delantal,Uniformes y pecheras.&nbsp;<\/h4>\n<h4>Regalos publicitarios,Pecheras <img loading=\"lazy\" decoding=\"async\" class=\"wp-image-5111 alignright\" src=\"https:\/\/vxmventaspormayor.cl\/vxm\/wp-content\/uploads\/2020\/04\/regalos-publicitarios.jpg\" alt=\"\" width=\"212\" height=\"136\"><\/h4>\n<p>Comienza a elegir el regalo y uniforme ideal para tu equipo de trabajo,para tu Empresa,Clientes,Recuerda que nuestra linea de delantal puede ser personalizada con logo.<\/p>\n<h4>Regalos de merchandising ,delantal,Pecheras de mezclilla,uniformes<\/h4>\n<p>Nuestra linea de uniformes se encuentran disponibles en diferentes telas ,delantal mezclilla,delantal gabardina,delantal poliester ,pechera mezclilla y cuero,delantal tela crudo natural,tenemos una amplia gama de delantal para ofrecerte en muchas opciones de colores.<\/p>\n<h4>Pecheras de mezclilla,Delantal y uniformes gastron\u00f3micos.<\/h4>\n<p>Nuestras prendas culinarias, como Pecheras, delantales, chaquetas de chef, chalecos, pantalones,mandiles,gorros de chef y mucho m\u00e1s, son lo mejor de lo mejor. Nos obsesionamos con todos los detalles grandes (y peque\u00f1os) para ofrecerle una prenda profesional y funcional hecha de telas y materiales de la m\u00e1s alta calidad.&nbsp; &nbsp; &nbsp; &nbsp; &nbsp; &nbsp; &nbsp; &nbsp; &nbsp; &nbsp; &nbsp; &nbsp; &nbsp; &nbsp; &nbsp; &nbsp; &nbsp; &nbsp; &nbsp; &nbsp; &nbsp; &nbsp; &nbsp; &nbsp; &nbsp; &nbsp; &nbsp; &nbsp; &nbsp; &nbsp; &nbsp; &nbsp; &nbsp; &nbsp; &nbsp; &nbsp; &nbsp; &nbsp; &nbsp; &nbsp; &nbsp; &nbsp; &nbsp; &nbsp; &nbsp; &nbsp; &nbsp; &nbsp; &nbsp; &nbsp; &nbsp; &nbsp; &nbsp; &nbsp; &nbsp; &nbsp; &nbsp; &nbsp; &nbsp; &nbsp; &nbsp;<a class=\"fasc-button fasc-size-xlarge fasc-type-flat\" style=\"color: #ffffff; background-color: #e35219;\" href=\"http:\/\/vxmventaspormayor.cl\/vxm\/?page_id=562\">Quiero Cotizar<\/a> <a class=\"fasc-button fasc-size-xlarge fasc-type-flat\" style=\"color: #ffffff; background-color: #1d2370;\" href=\"http:\/\/vxmventaspormayor.cl\/vxm\/?page_id=562\">Te puedo ayudar?<\/a><\/p>\n<p>[foogallery id=\u00bb1663&#8243;]<\/p>\n<p><a class=\"fasc-button fasc-size-xlarge fasc-type-flat\" style=\"color: #ffffff; background-color: #23116b;\" href=\"http:\/\/vxmventaspormayor.cl\/vxm\/?page_id=562\">Te puedo ayudar?<\/a><\/p>\n<h5>Te invitamos a ver m\u00e0s articulos relacionados y modelos&nbsp;<a href=\"https:\/\/vxmventaspormayor.cl\/vxm\/delantal-mezclilla\/\">https:\/\/vxmventaspormayor.cl\/vxm\/delantal-mezclilla\/<\/a><\/h5>\n<h3>Delantales personalizados<\/h3>\n<div>Personalizar su propio delantal es un proceso din\u00e1mico y emocionante. A continuaci\u00f3n, ver\u00e1 los pasos detallados involucrados al embarcarse en el viaje de dise\u00f1o y la personalizaci\u00f3n de sus productos,manteniendo la originalidad y personalidad de su empresa.<\/div>\n<div>Cuando est\u00e9 listo, solo ll\u00e1menos y nuestro equipo trabajar\u00e1 con usted para crear un delantal personalizado que combine con el aspecto de su restaurante, cafeter\u00eda, panader\u00eda, Empresa,equipo,regalos o taller.<\/div>\n<div>Delantal personalizado pedido m\u00ednimo requerido 10 unidad.<\/div>\n<div><a class=\"fasc-button fasc-size-xlarge fasc-type-flat\" style=\"color: #ffffff; background-color: #23116b;\" href=\"http:\/\/vxmventaspormayor.cl\/vxm\/?page_id=562\">Te puedo ayudar?<\/a><\/div>\n<div>&nbsp;<\/div>\n<h3>Pecheras y delantales VXM<\/h3>\n<p>Los delantales,mandiles,pecheras y camisas de mezclilla son excelentes para uso personal y su dise\u00f1o resistente se mantiene. Los delantales de mezclilla a menudo tambi\u00e9n son lo suficientemente elegantes para dar una imagen a su Empresa y como regalo Corporativo y merchandising . La mayor\u00eda de nuestros productos de mezclilla est\u00e1n hechos de 100% algod\u00f3n y tienen puntos de tensi\u00f3n reforzados, para una confiabilidad duradera. Las Pecheras de jeans los delantales son ajustables en el cuello para una mayor comodidad,estos se encuentran para adultos y ni\u00f1os en todas las tallas desde xs-s-m-l-xl-xxl-xxxl producto de alta gama y calidad, adecuado para cualquier necesidad. \u00a1No olvides que puedes personalizar sus delantales y camisas de mezclilla agregando bordados! Disponible en todos los Colores.<\/p>\n<p>Recomendaciones para nuestros clientes y visitantes,la mezclilla se recomienda lavar sola ,no con muchas prendas,para una alta durabilidad,ya que al tener tirantes se pueden enrrollar entre ellas ,as\u00ed las pecheras de mezclilla tendr\u00e1n una alta durabilidad,nuestras telas son resistentes ideales para uso en restaurantes,cafeter\u00ecas,hoteler\u00eca,regalos corporativos,merchandising para empresas,eventos y tambi\u00e8n como regalos personales para nuestro equipo,clientes ,amigos.<\/p>\n<p><a class=\"fasc-button fasc-size-xlarge fasc-type-flat\" style=\"color: #ffffff; background-color: #23116b;\" href=\"http:\/\/vxmventaspormayor.cl\/vxm\/?page_id=562\">Te puedo ayudar?<\/a><\/p>\n<h4><span style=\"color: #ff0000;\">CONTACTO 22-7244928&nbsp; 99-6569117<\/span><\/h4>\n<p>contacto@vxmventaspormayor.cl<\/p>\n<p>En VXM puedes Comprar delantales de cocina,en amplia variedad de modelos y colores.<\/p>\n<p>Todos los derechos reservados.<\/p>\n<p>&nbsp;<\/p>\n<p>&nbsp;<\/p>\n<p>&nbsp;<\/p>\n<p>&nbsp;<\/p>\n<p>&nbsp;<\/p>\n<p>&nbsp;<\/p>\n<p>&nbsp;<\/p>\n<p>&nbsp;<\/p>\n<p>&nbsp;<\/p>\n<p>&nbsp;<\/p>\n<p style=\"text-align: center;\"><strong>Nuestra Oficina legal, nueva providencia 1881 of 201,Nuestra tienda es solamente y exclusivamente online.<\/strong><\/p>\n<p style=\"text-align: center;\">Para respetar la ley de venta de ofrece libremente muestra de productos a los clientes,para que as\u00ed puedan conocer f\u00edsicamente los productos.<\/p>\n<p style=\"text-align: center;\">Tambi\u00e9n puedes agendar reuniones en compras mayoristas.<\/p>\n<p style=\"text-align: center;\">Tel\u00e9fonos&nbsp; 22-7244928&nbsp; &nbsp;+56996569117&nbsp; &nbsp; &nbsp; &nbsp; &nbsp; &nbsp; &nbsp; Email contacto@vxmventaspormayor.cl<\/p>\n<p style=\"text-align: center;\">Realizado por VXM CORPORATE SOLUTIONS SPA<\/p>\n<p style=\"text-align: center;\"><strong>Todos los derechos de imagenes y dise\u00f1os se encuentran reservados.<\/strong><\/p>\n<p style=\"text-align: center;\">&nbsp;<\/p>\n<p><img loading=\"lazy\" decoding=\"async\" class=\"alignnone wp-image-4120 aligncenter\" src=\"https:\/\/vxmventaspormayor.cl\/vxm\/wp-content\/uploads\/2019\/06\/LOGO.jpg\" alt=\"\" width=\"184\" height=\"130\"><\/p>\n","protected":false},"excerpt":{"rendered":"<p>Delantal,Uniformes y pecheras.&nbsp; Regalos publicitarios,Pecheras Comienza a elegir el regalo y uniforme ideal para tu equipo de trabajo,para tu Empresa,Clientes,Recuerda que nuestra linea de delantal puede ser personalizada con logo. Regalos de merchandising ,delantal,Pecheras de mezclilla,uniformes Nuestra linea de uniformes se encuentran disponibles en diferentes telas ,delantal mezclilla,delantal gabardina,delantal poliester ,pechera mezclilla y cuero,delantal tela &hellip;<\/p>\n<p class=\"read-more\"> <a class=\" thunk-readmore button \" href=\"https:\/\/www.vxmventaspormayor.cl\/vxm\/pecheras-y-delantalesdelantaldelantales-perzonalizadosdelantales-publicitarios\/\"> <span class=\"screen-reader-text\">Pecheras y Delantal<\/span>Leer m\u00e1s<\/a><\/p>\n","protected":false},"author":1,"featured_media":0,"parent":0,"menu_order":0,"comment_status":"closed","ping_status":"closed","template":"","meta":{"footnotes":""},"class_list":["post-2111","page","type-page","status-publish","hentry","thunk-woo-product-list","opn-qv-enable","top-store-woo-hover-zoom","top-store-single-product-tab-horizontal","top-store-shadow-","top-store-shadow-hover-"],"_links":{"self":[{"href":"https:\/\/www.vxmventaspormayor.cl\/vxm\/wp-json\/wp\/v2\/pages\/2111","targetHints":{"allow":["GET"]}}],"collection":[{"href":"https:\/\/www.vxmventaspormayor.cl\/vxm\/wp-json\/wp\/v2\/pages"}],"about":[{"href":"https:\/\/www.vxmventaspormayor.cl\/vxm\/wp-json\/wp\/v2\/types\/page"}],"author":[{"embeddable":true,"href":"https:\/\/www.vxmventaspormayor.cl\/vxm\/wp-json\/wp\/v2\/users\/1"}],"replies":[{"embeddable":true,"href":"https:\/\/www.vxmventaspormayor.cl\/vxm\/wp-json\/wp\/v2\/comments?post=2111"}],"version-history":[{"count":48,"href":"https:\/\/www.vxmventaspormayor.cl\/vxm\/wp-json\/wp\/v2\/pages\/2111\/revisions"}],"predecessor-version":[{"id":5401,"href":"https:\/\/www.vxmventaspormayor.cl\/vxm\/wp-json\/wp\/v2\/pages\/2111\/revisions\/5401"}],"wp:attachment":[{"href":"https:\/\/www.vxmventaspormayor.cl\/vxm\/wp-json\/wp\/v2\/media?parent=2111"}],"curies":[{"name":"wp","href":"https:\/\/api.w.org\/{rel}","templated":true}]}}