{"id":123,"date":"2014-09-14T16:25:56","date_gmt":"2014-09-14T16:25:56","guid":{"rendered":"http:\/\/vxmventaspormayor.cl\/vxm\/?page_id=123"},"modified":"2024-07-22T02:13:29","modified_gmt":"2024-07-22T02:13:29","slug":"gorros-de-polar-personalizados","status":"publish","type":"page","link":"https:\/\/www.vxmventaspormayor.cl\/vxm\/gorros-de-polar-personalizados\/","title":{"rendered":"Gorros de polar personalizados"},"content":{"rendered":"<h4>[metaslider id=\u00bb3218&#8243;]<\/h4>\n<h1>Gorros de Polar Personalizados<\/h1>\n<h2>Confort y Estilo Unico para el Invierno<\/h2>\n<p>Descubre nuestros <strong>gorros de polar personalizados<\/strong>, ideales para mantenerte abrigado en los d\u00edas m\u00e1s fr\u00edos del invierno. Fabricados con materiales de alta calidad, estos gorros ofrecen una excelente protecci\u00f3n contra el viento y el fr\u00edo, mientras proporcionan una comodidad excepcional. Perfectos para actividades al aire libre como senderismo, esqu\u00ed y paseos en climas fr\u00edos. Disponibles en varios colores y tallas, y personalizables con tu logo o dise\u00f1o preferido. Aseg\u00farate de mantener tu cabeza y orejas bien protegidas con este gorro polar esencial para el invierno.<\/p>\n<p>Aqu\u00ed puedes ver una amplia variedad de gorros de polar personalizados: <a href=\"https:\/\/vxmventaspormayor.cl\/vxm\/categoria-producto\/gorros-de-polar\/\">Gorros de Polar Personalizados en VXM<\/a><\/p>\n<p>&nbsp;<\/p>\n<p>&nbsp;<\/p>\n<p>&nbsp;<\/p>\n<p>Aqui puedes encontrar productos gorros de polar con precios\u00a0<a href=\"https:\/\/vxmventaspormayor.cl\/vxm\/categoria-producto\/gorros-de-polar\/\">https:\/\/vxmventaspormayor.cl\/vxm\/categoria-producto\/gorros-de-polar\/<\/a><\/p>\n<p>&nbsp;<\/p>\n<h2 style=\"text-align: center;\"><a class=\"fasc-button fasc-size-xlarge fasc-type-flat\" style=\"background-color: #0bb519; color: #ffffff;\" href=\"http:\/\/vxmventaspormayor.cl\/vxm\/?page_id=562\" target=\"_blank\" rel=\"noopener noreferrer\">Quiero Cotizar<\/a>\u00a0 \u00a0<a class=\"fasc-button fasc-size-xlarge fasc-type-flat\" style=\"background-color: #ed0c88; color: #ffffff;\" href=\"http:\/\/vxmventaspormayor.cl\/vxm\/?page_id=562\">Te puedo ayudar aqu\u00ec<\/a><a class=\"fasc-button fasc-size-xlarge fasc-type-flat\" style=\"background-color: #0bb519; color: #ffffff;\" href=\"http:\/\/vxmventaspormayor.cl\/vxm\/?page_id=562\">Solicita Muestra para conocer el producto<\/a><\/h2>\n<p>&nbsp;<\/p>\n<p>[foogallery id=\u00bb1432&#8243;]<\/p>\n<h3 style=\"text-align: center;\"><a class=\"fasc-button fasc-size-xlarge fasc-type-flat\" style=\"background-color: #170d87; color: #ffffff;\" href=\"http:\/\/vxmventaspormayor.cl\/vxm\/?page_id=562\">Te puedo ayudar?\u00a0<\/a><\/h3>\n<p>&nbsp;<\/p>\n<p>&nbsp;<\/p>\n<p>&nbsp;<\/p>\n<p>&nbsp;<\/p>\n<p>&nbsp;<\/p>\n<p>&nbsp;<\/p>\n<p style=\"text-align: center;\"><strong>Nuestra Oficina legal,nueva providencia 1881 of 201,Nuestra tienda es solamente y exclusivamente online.<\/strong><\/p>\n<p style=\"text-align: center;\">Para respetar la ley de venta de ofrece libremente muestra de productos a los clientes,para que as\u00ed puedan conocer f\u00edsicamente los productos.<\/p>\n<p style=\"text-align: center;\">Tambi\u00e9n puedes agendar reuniones en compras mayoristas.<\/p>\n<p style=\"text-align: center;\">Tel\u00e9fonos\u00a0 22-7244928\u00a0 \u00a0+56996569117\u00a0 \u00a0 \u00a0 \u00a0 \u00a0 \u00a0 \u00a0 Email contacto@vxmventaspormayor.cl<\/p>\n<p style=\"text-align: center;\">Realizado por VXM CORPORATE SOLUTIONS SPA<\/p>\n<p style=\"text-align: center;\"><strong>Todos los derechos de imagenes y dise\u00f1os se encuentran reservados.<\/strong><\/p>\n<p>&nbsp;<\/p>\n<p><img loading=\"lazy\" decoding=\"async\" class=\"alignnone wp-image-4120 aligncenter\" src=\"https:\/\/vxmventaspormayor.cl\/vxm\/wp-content\/uploads\/2019\/06\/LOGO.jpg\" alt=\"\" width=\"184\" height=\"130\" \/><\/p>\n","protected":false},"excerpt":{"rendered":"<p>[metaslider id=\u00bb3218&#8243;] Gorros de Polar Personalizados Confort y Estilo Unico para el Invierno Descubre nuestros gorros de polar personalizados, ideales para mantenerte abrigado en los d\u00edas m\u00e1s fr\u00edos del invierno. Fabricados con materiales de alta calidad, estos gorros ofrecen una excelente protecci\u00f3n contra el viento y el fr\u00edo, mientras proporcionan una comodidad excepcional. Perfectos para &hellip;<\/p>\n<p class=\"read-more\"> <a class=\" thunk-readmore button \" href=\"https:\/\/www.vxmventaspormayor.cl\/vxm\/gorros-de-polar-personalizados\/\"> <span class=\"screen-reader-text\">Gorros de polar personalizados<\/span>Leer m\u00e1s<\/a><\/p>\n","protected":false},"author":1,"featured_media":0,"parent":0,"menu_order":0,"comment_status":"closed","ping_status":"closed","template":"","meta":{"footnotes":""},"class_list":["post-123","page","type-page","status-publish","hentry","thunk-woo-product-list","opn-qv-enable","top-store-woo-hover-zoom","top-store-single-product-tab-horizontal","top-store-shadow-","top-store-shadow-hover-"],"_links":{"self":[{"href":"https:\/\/www.vxmventaspormayor.cl\/vxm\/wp-json\/wp\/v2\/pages\/123","targetHints":{"allow":["GET"]}}],"collection":[{"href":"https:\/\/www.vxmventaspormayor.cl\/vxm\/wp-json\/wp\/v2\/pages"}],"about":[{"href":"https:\/\/www.vxmventaspormayor.cl\/vxm\/wp-json\/wp\/v2\/types\/page"}],"author":[{"embeddable":true,"href":"https:\/\/www.vxmventaspormayor.cl\/vxm\/wp-json\/wp\/v2\/users\/1"}],"replies":[{"embeddable":true,"href":"https:\/\/www.vxmventaspormayor.cl\/vxm\/wp-json\/wp\/v2\/comments?post=123"}],"version-history":[{"count":65,"href":"https:\/\/www.vxmventaspormayor.cl\/vxm\/wp-json\/wp\/v2\/pages\/123\/revisions"}],"predecessor-version":[{"id":7619,"href":"https:\/\/www.vxmventaspormayor.cl\/vxm\/wp-json\/wp\/v2\/pages\/123\/revisions\/7619"}],"wp:attachment":[{"href":"https:\/\/www.vxmventaspormayor.cl\/vxm\/wp-json\/wp\/v2\/media?parent=123"}],"curies":[{"name":"wp","href":"https:\/\/api.w.org\/{rel}","templated":true}]}}